{"id":24,"date":"2017-09-20T07:12:32","date_gmt":"2017-09-20T07:12:32","guid":{"rendered":"http:\/\/tonatheme.com\/newwp\/builderhub\/?page_id=24"},"modified":"2018-10-30T13:13:54","modified_gmt":"2018-10-30T13:13:54","slug":"par-mums","status":"publish","type":"page","link":"http:\/\/mcd.mco.lv\/en\/par-mums\/","title":{"rendered":"About us"},"content":{"rendered":"<p><section class=\"kc-elm kc-css-104269 kc_row\"><div class=\"kc-row-container  kc-container\"><div class=\"kc-wrap-columns\"><div class=\"kc-elm kc-css-772267 kc_col-sm-12 kc_column kc_col-sm-12\"><div class=\"kc-col-container\"><div class=\"kc-elm kc-css-959961 kc_text_block\"><\/p>\n<p>SIA &#8220;NIC Ozols\" with partners and in cooperation with the European-level manufacturer &#8220;Mercor\" have created a team specializing in providing suitable and cost-effective passive fire protection solutions in buildings.<\/p>\n<p>\n<\/div><\/div><\/div><\/div><\/div><\/section><section class=\"kc-elm kc-css-184603 kc_row\"><div class=\"kc-row-container\"><div class=\"kc-wrap-columns\"><div class=\"kc-elm kc-css-57649 kc_col-sm-12 kc_column kc_col-sm-12\"><div class=\"kc-col-container\"><div class=\"kc-image-gallery kc-elm kc-css-418937\"><h3 class=\"kc-title image-gallery-title\">Our Certificates<\/h3>\n<div class=\"kc_image_gallery kc-carousel-image kc-grid \">\n<div class=\"item-grid grid-5\"><a class=\"kc-image-link kc-pretty-photo\" data-lightbox=\"kc-lightbox\" rel=\"kc-pretty-photo[5691639]\" href=\"http:\/\/mcd.mco.lv\/wp-content\/uploads\/2018\/10\/SIA_NIC_Ozols_LUS-ugunsdro\u0161\u012bbas-sertifik\u0101ts-page-001-724x1024.jpg\"><img src=\"http:\/\/mcd.mco.lv\/wp-content\/uploads\/2018\/10\/SIA_NIC_Ozols_LUS-ugunsdro\u0161\u012bbas-sertifik\u0101ts-page-001-724x1024.jpg\" alt=\"\"\/><\/a><\/div><div class=\"item-grid grid-5\"><a class=\"kc-image-link kc-pretty-photo\" data-lightbox=\"kc-lightbox\" rel=\"kc-pretty-photo[5691639]\" href=\"http:\/\/mcd.mco.lv\/wp-content\/uploads\/2018\/10\/rihards-1024x724.jpg\"><img src=\"http:\/\/mcd.mco.lv\/wp-content\/uploads\/2018\/10\/rihards-1024x724.jpg\" alt=\"\"\/><\/a><\/div><div class=\"item-grid grid-5\"><a class=\"kc-image-link kc-pretty-photo\" data-lightbox=\"kc-lightbox\" rel=\"kc-pretty-photo[5691639]\" href=\"http:\/\/mcd.mco.lv\/wp-content\/uploads\/2018\/10\/LTRK-biedrs138-1-724x1024.jpg\"><img src=\"http:\/\/mcd.mco.lv\/wp-content\/uploads\/2018\/10\/LTRK-biedrs138-1-724x1024.jpg\" alt=\"\"\/><\/a><\/div><div class=\"item-grid grid-5\"><a class=\"kc-image-link kc-pretty-photo\" data-lightbox=\"kc-lightbox\" rel=\"kc-pretty-photo[5691639]\" href=\"http:\/\/mcd.mco.lv\/wp-content\/uploads\/2018\/10\/img7-1_WM.jpg\"><img src=\"http:\/\/mcd.mco.lv\/wp-content\/uploads\/2018\/10\/img7-1_WM.jpg\" alt=\"\"\/><\/a><\/div><div class=\"item-grid grid-5\"><a class=\"kc-image-link kc-pretty-photo\" data-lightbox=\"kc-lightbox\" rel=\"kc-pretty-photo[5691639]\" href=\"http:\/\/mcd.mco.lv\/wp-content\/uploads\/2018\/10\/2017-04-04_09-53-35-718x1024.png\"><img src=\"http:\/\/mcd.mco.lv\/wp-content\/uploads\/2018\/10\/2017-04-04_09-53-35-718x1024.png\" alt=\"\"\/><\/a><\/div><\/div>\n<\/div><\/div><\/div><\/div><\/div><\/section><section class=\"kc-elm kc-css-871164 kc_row\"><div class=\"kc-row-container  kc-container\"><div class=\"kc-wrap-columns\"><div class=\"kc-elm kc-css-262802 kc_col-sm-12 kc_column kc_col-sm-12\"><div class=\"kc-col-container\">\n \n\n\n<!--Team Section-->\n<section class=\"team-section\">\n\t<div class=\"auto-container\">\n\t\t<!--Sec Title-->\n\t\t<div class=\"sec-title\">\n\t\t\t<h2>Team Member<\/h2>\n\t\t<\/div>\n\t\t<div class=\"three-item-carousel owl-carousel owl-theme\">\n\t\t\n\t\t\t\t\t\t\n\t\t\t\t<!--Team Member-->\n\t\t\t\t<div class=\"team-member\">\n\t\t\t\t\t<div class=\"inner-box\">\n\t\t\t\t\t\t<div class=\"image\">\n\t\t\t\t\t\t\t<img width=\"370\" height=\"220\" src=\"http:\/\/mcd.mco.lv\/wp-content\/uploads\/2017\/09\/team-1.jpg\" class=\"img-responsive wp-post-image\" alt=\"\" loading=\"lazy\" srcset=\"http:\/\/mcd.mco.lv\/wp-content\/uploads\/2017\/09\/team-1.jpg 370w, http:\/\/mcd.mco.lv\/wp-content\/uploads\/2017\/09\/team-1-300x178.jpg 300w\" sizes=\"(max-width: 370px) 100vw, 370px\" \/>\t\t\t\t\t\t\t<div class=\"overlay-box\">\n\t\t\t\t\t\t\t\n\t\t\t\t\t\t\t\t                                <ul class=\"social-icon-two\">\n                                                                            <li><a href=\"https:\/\/facebook.com\"><span class=\"fa fa fa-facebook\" aria-hidden=\"true\"><\/span><\/a><\/li>\n                                                                            <li><a href=\"https:\/\/twitter.com\"><span class=\"fa fa fa-twitter\" aria-hidden=\"true\"><\/span><\/a><\/li>\n                                                                            <li><a href=\"https:\/\/linkedin.com\"><span class=\"fa fa fa-linkedin\" aria-hidden=\"true\"><\/span><\/a><\/li>\n                                                                    <\/ul>\n                            \t\t\t\t\t\t\t\t<\/div>\n\t\t\t\t\t\t<\/div>\n\t\t\t\t\t\t<div class=\"lower-content\">\n\t\t\t\t\t\t\t<h3><a href=\"#\">Eliot Hananiah<\/a><\/h3>\n\t\t\t\t\t\t\t<div class=\"designation\">President<\/div>\n\t\t\t\t\t\t\t<div class=\"text\">To taken trivial example which of us ever undertakes it laborious physical exercise works. <\/div>\n\t\t\t\t\t\t<\/div>\n\t\t\t\t\t<\/div>\n\t\t\t\t<\/div>\n\t\t\t\n\t\t\t\t\t\t\n\t\t\t\t<!--Team Member-->\n\t\t\t\t<div class=\"team-member\">\n\t\t\t\t\t<div class=\"inner-box\">\n\t\t\t\t\t\t<div class=\"image\">\n\t\t\t\t\t\t\t<img width=\"370\" height=\"220\" src=\"http:\/\/mcd.mco.lv\/wp-content\/uploads\/2017\/09\/team-2.jpg\" class=\"img-responsive wp-post-image\" alt=\"\" loading=\"lazy\" srcset=\"http:\/\/mcd.mco.lv\/wp-content\/uploads\/2017\/09\/team-2.jpg 370w, http:\/\/mcd.mco.lv\/wp-content\/uploads\/2017\/09\/team-2-300x178.jpg 300w\" sizes=\"(max-width: 370px) 100vw, 370px\" \/>\t\t\t\t\t\t\t<div class=\"overlay-box\">\n\t\t\t\t\t\t\t\n\t\t\t\t\t\t\t\t                                <ul class=\"social-icon-two\">\n                                                                            <li><a href=\"https:\/\/facebook.com\"><span class=\"fa fa fa-facebook\" aria-hidden=\"true\"><\/span><\/a><\/li>\n                                                                            <li><a href=\"https:\/\/twitter.com\"><span class=\"fa fa fa-twitter\" aria-hidden=\"true\"><\/span><\/a><\/li>\n                                                                            <li><a href=\"https:\/\/linkedin.com\"><span class=\"fa fa fa-linkedin\" aria-hidden=\"true\"><\/span><\/a><\/li>\n                                                                    <\/ul>\n                            \t\t\t\t\t\t\t\t<\/div>\n\t\t\t\t\t\t<\/div>\n\t\t\t\t\t\t<div class=\"lower-content\">\n\t\t\t\t\t\t\t<h3><a href=\"#\">Chaz Cuthbert<\/a><\/h3>\n\t\t\t\t\t\t\t<div class=\"designation\">Manager<\/div>\n\t\t\t\t\t\t\t<div class=\"text\">To taken trivial example which of us ever undertakes it laborious physical exercise works. <\/div>\n\t\t\t\t\t\t<\/div>\n\t\t\t\t\t<\/div>\n\t\t\t\t<\/div>\n\t\t\t\n\t\t\t\t\t\t\n\t\t\t\t<!--Team Member-->\n\t\t\t\t<div class=\"team-member\">\n\t\t\t\t\t<div class=\"inner-box\">\n\t\t\t\t\t\t<div class=\"image\">\n\t\t\t\t\t\t\t<img width=\"370\" height=\"220\" src=\"http:\/\/mcd.mco.lv\/wp-content\/uploads\/2017\/09\/team-3.jpg\" class=\"img-responsive wp-post-image\" alt=\"\" loading=\"lazy\" srcset=\"http:\/\/mcd.mco.lv\/wp-content\/uploads\/2017\/09\/team-3.jpg 370w, http:\/\/mcd.mco.lv\/wp-content\/uploads\/2017\/09\/team-3-300x178.jpg 300w\" sizes=\"(max-width: 370px) 100vw, 370px\" \/>\t\t\t\t\t\t\t<div class=\"overlay-box\">\n\t\t\t\t\t\t\t\n\t\t\t\t\t\t\t\t                                <ul class=\"social-icon-two\">\n                                                                            <li><a href=\"https:\/\/facebook.com\"><span class=\"fa fa fa-facebook\" aria-hidden=\"true\"><\/span><\/a><\/li>\n                                                                            <li><a href=\"https:\/\/twitter.com\"><span class=\"fa fa fa-twitter\" aria-hidden=\"true\"><\/span><\/a><\/li>\n                                                                            <li><a href=\"https:\/\/linkedin.com\"><span class=\"fa fa fa-linkedin\" aria-hidden=\"true\"><\/span><\/a><\/li>\n                                                                    <\/ul>\n                            \t\t\t\t\t\t\t\t<\/div>\n\t\t\t\t\t\t<\/div>\n\t\t\t\t\t\t<div class=\"lower-content\">\n\t\t\t\t\t\t\t<h3><a href=\"#\">Matthew Neil<\/a><\/h3>\n\t\t\t\t\t\t\t<div class=\"designation\">Engineer<\/div>\n\t\t\t\t\t\t\t<div class=\"text\">To taken trivial example which of us ever undertakes it laborious physical exercise works. <\/div>\n\t\t\t\t\t\t<\/div>\n\t\t\t\t\t<\/div>\n\t\t\t\t<\/div>\n\t\t\t\n\t\t\t\t\t\t\n\t\t<\/div>\n\t<\/div>\n<\/section>\n<!--End Team Section-->\n\n<\/div><\/div><\/div><\/div><\/section><section class=\"kc-elm kc-css-440784 kc_row\"><div class=\"kc-row-container  kc-container\"><div class=\"kc-wrap-columns\"><div class=\"kc-elm kc-css-34026 kc_col-sm-12 kc_column kc_col-sm-12\"><div class=\"kc-col-container\"><div class=\"kc-elm kc-css-952932\" style=\"height: 80px; clear: both; width:100%;\"><\/div><\/div><\/div><\/div><\/div><\/section><section class=\"kc-elm kc-css-90040 kc_row\"><div class=\"kc-row-container\"><div class=\"kc-wrap-columns\"><div class=\"kc-elm kc-css-109245 kc_col-sm-12 kc_column kc_col-sm-12\"><div class=\"kc-col-container\"><!--Call To Action-->\n<section class=\"call-to-action-section\" style=\"background-image:url(http:\/\/mercorbaltic.eu\/wp-content\/uploads\/2017\/09\/1.jpg);\">\n\t<div class=\"auto-container\">\n\t\t<div class=\"row clearfix\">\n\t\t\t<div class=\"column col-md-9 col-sm-12 col-xs-12\">\n\t\t\t\t<div class=\"text\">We can:apos:t control the weather, but we can control the flame, safety and quality. <\/div>\n\t\t\t<\/div>\n\t\t\t<div class=\"btn-column col-md-3 col-sm-12 col-xs-12\">\n\t\t\t\t<a href=\"\/kontakti\/\" class=\"theme-btn btn-style-two\">Contact us<\/a>\n\t\t\t<\/div>\n\t\t<\/div>\n\t<\/div>\n<\/section>\n<!--End Call To Action--><\/div><\/div><\/div><\/div><\/section><\/p>","protected":false},"excerpt":{"rendered":"","protected":false},"author":1,"featured_media":0,"parent":0,"menu_order":0,"comment_status":"closed","ping_status":"closed","template":"tpl-king_composer.php","meta":[],"_links":{"self":[{"href":"http:\/\/mcd.mco.lv\/en\/wp-json\/wp\/v2\/pages\/24"}],"collection":[{"href":"http:\/\/mcd.mco.lv\/en\/wp-json\/wp\/v2\/pages"}],"about":[{"href":"http:\/\/mcd.mco.lv\/en\/wp-json\/wp\/v2\/types\/page"}],"author":[{"embeddable":true,"href":"http:\/\/mcd.mco.lv\/en\/wp-json\/wp\/v2\/users\/1"}],"replies":[{"embeddable":true,"href":"http:\/\/mcd.mco.lv\/en\/wp-json\/wp\/v2\/comments?post=24"}],"version-history":[{"count":51,"href":"http:\/\/mcd.mco.lv\/en\/wp-json\/wp\/v2\/pages\/24\/revisions"}],"predecessor-version":[{"id":971,"href":"http:\/\/mcd.mco.lv\/en\/wp-json\/wp\/v2\/pages\/24\/revisions\/971"}],"wp:attachment":[{"href":"http:\/\/mcd.mco.lv\/en\/wp-json\/wp\/v2\/media?parent=24"}],"curies":[{"name":"wp","href":"https:\/\/api.w.org\/{rel}","templated":true}]}}