{"id":972,"date":"2018-10-31T13:25:29","date_gmt":"2018-10-31T13:25:29","guid":{"rendered":"http:\/\/mcd.mco.lv\/?post_type=product&#038;p=972"},"modified":"2018-10-31T13:30:22","modified_gmt":"2018-10-31T13:30:22","slug":"mcr-ps-ugunsdrosi-integreta-manzete","status":"publish","type":"product","link":"http:\/\/mcd.mco.lv\/en\/produkcija\/mcr-ps-ugunsdrosi-integreta-manzete\/","title":{"rendered":"MCR PS &#8211; FIREPROOF INTUMESCENT COLLAR"},"content":{"rendered":"<p>ITB Technical Approval AT-15-8173\/2010 + Appendices 1,2,3<br \/>\nCertificate of Conformity ITB-1990\/W<br \/>\nDeclaration of Conformity DZ\/4\/2015 dated 5.10.2016<br \/>\nFire resistance class up to EI 120.<\/p>\n<p>mcr PS fire-proof collars comprise an external cover made of steel sheet, and elastic inserts made of thermo-plastic elements containing dispersed graphite, with an addition of fillers and technological oils. The intumescent inserts fill in the opening from a burnt-out installation under temperatures above 140\u00b0C.<\/p>","protected":false},"excerpt":{"rendered":"<p>mcr PS collar is used for fireproofing: flammable pipes up to \u00d8250 mm, flammable pipes in flammable insulation up to \u00d8250 mm, non-flammable pipes in flammable insulation up to \u00d8160 mm, flammable pines at an angle up to \u00d8160 mm and flammable pipes in combined penetrations.<\/p>\n","protected":false},"featured_media":973,"template":"","meta":[],"_links":{"self":[{"href":"http:\/\/mcd.mco.lv\/en\/wp-json\/wp\/v2\/product\/972"}],"collection":[{"href":"http:\/\/mcd.mco.lv\/en\/wp-json\/wp\/v2\/product"}],"about":[{"href":"http:\/\/mcd.mco.lv\/en\/wp-json\/wp\/v2\/types\/product"}],"wp:featuredmedia":[{"embeddable":true,"href":"http:\/\/mcd.mco.lv\/en\/wp-json\/wp\/v2\/media\/973"}],"wp:attachment":[{"href":"http:\/\/mcd.mco.lv\/en\/wp-json\/wp\/v2\/media?parent=972"}],"curies":[{"name":"wp","href":"https:\/\/api.w.org\/{rel}","templated":true}]}}