{"id":24,"date":"2017-09-20T07:12:32","date_gmt":"2017-09-20T07:12:32","guid":{"rendered":"http:\/\/tonatheme.com\/newwp\/builderhub\/?page_id=24"},"modified":"2018-10-30T13:13:54","modified_gmt":"2018-10-30T13:13:54","slug":"par-mums","status":"publish","type":"page","link":"http:\/\/mcd.mco.lv\/lv\/par-mums\/","title":{"rendered":"Par mums"},"content":{"rendered":"<p><section class=\"kc-elm kc-css-424678 kc_row\"><div class=\"kc-row-container  kc-container\"><div class=\"kc-wrap-columns\"><div class=\"kc-elm kc-css-707536 kc_col-sm-12 kc_column kc_col-sm-12\"><div class=\"kc-col-container\"><div class=\"kc-elm kc-css-35302 kc_text_block\"><\/p>\n<p>\n<strong>SIA \u201cNIC Ozols\u201d ar partneriem un sadarb\u012bb\u0101 ar Eiropas l\u012bme\u0146a ra\u017eot\u0101ju \u201cMercor\u201d ir izveidoju\u0161i komandu, kas specializ\u0113j\u0101s piem\u0113rotu un ekonomiski izdev\u012bgu pas\u012bv\u0101s ugunsdro\u0161\u012bbas risin\u0101jumu nodro\u0161in\u0101\u0161an\u0101 objektos.<\/strong><\/p>\n<p>SIA \u201eNIC Ozols\u201d pied\u0101v\u0101 uz\u0146\u0113mumiem nodro\u0161in\u0101t darba aizsardz\u012bbas pas\u0101kumus un darba vides iek\u0161\u0113jo uzraudz\u012bbu, ugunsdro\u0161\u012bbas un civil\u0101s aizsardz\u012bbas jaut\u0101jumu \u012bsteno\u0161anu, atbilsto\u0161i Latvijas Republikas normat\u012bvo aktu pras\u012bb\u0101m un uz\u0146\u0113muma darb\u012bbas specifikai. Pakalpojumus nodro\u0161ina augsti kvalific\u0113ti speci\u0101listi, kuriem ir augsta kompetence un pieredze attiec\u012bgaj\u0101s jom\u0101s, kas \u013cauj risin\u0101t vissare\u017e\u0123\u012bt\u0101k\u0101s situ\u0101cijas, pal\u012bdzot darba dev\u0113jiem, vad\u012bt\u0101jiem un objektu \u012bpa\u0161niekiem organiz\u0113t cilv\u0113ka vesel\u012bbai un dz\u012bv\u012bbai dro\u0161u vidi.<\/p>\n<p>Galven\u0101 m\u016bsu priek\u0161roc\u012bba ir t\u0101, ka darba aizsardz\u012bbas pakalpojumus sniedzam kop\u0101 ar ugunsdz\u0113s\u012bbas un civil\u0101s aizsardz\u012bbas pakalpojumiem, kas ir savstarp\u0113ji cie\u0161i saist\u012bti, ta\u010du bie\u017ei pakalpojumu sniedz\u0113ji vis\u0101s tr\u012bs jom\u0101s \u0161os pakalpojumus nenodro\u0161ina.<\/p>\n<h3>V\u012bzija.<\/h3>\n<p>M\u016bsu v\u012bzija ir k\u013c\u016bt par vado\u0161u kompetento instit\u016bciju Latvij\u0101, kura atpaz\u012bstama ar sniegto pakalpojumu kvalit\u0101ti un speci\u0101listu profesionalit\u0101ti, kas sadarbojas un g\u016bst pieredzi pie citu valstu speci\u0101listiem.<\/p>\n<h3>Misija.<\/h3>\n<p>Veicin\u0101t sabiedr\u012bbas izpratni par cilv\u0113kam dro\u0161as un veselas vides organiz\u0113\u0161anu, pal\u012bdz\u0113t darba dev\u0113jiem un objektu \u012b pa\u0161niekiem risin\u0101t vissare\u017e\u0123\u012bt\u0101k\u0101s situ\u0101cijas darba aizsardz\u012bbas, ugunsdro\u0161\u012bbas un civil\u0101s aizsardz\u012bbas jaut\u0101jumos, k\u0101 ar\u012b nodro\u0161in\u0101t to \u012bsteno\u0161anu.<\/p>\n<h3>M\u0113r\u0137is.<\/h3>\n<p>Sniegt klientiem kvalitat\u012bvu, dro\u0161u un uzticamu servisu un nodro\u0161in\u0101t uz\u0146\u0113muma ilgtsp\u0113ju.<\/p>\n<p>\n<\/div><\/div><\/div><\/div><\/div><\/section><section class=\"kc-elm kc-css-587968 kc_row\"><div class=\"kc-row-container\"><div class=\"kc-wrap-columns\"><div class=\"kc-elm kc-css-657839 kc_col-sm-12 kc_column kc_col-sm-12\"><div class=\"kc-col-container\"><div class=\"kc-image-gallery kc-elm kc-css-42621\"><h3 class=\"kc-title image-gallery-title\">M\u016bsu sertifik\u0101ti<\/h3>\n<div class=\"kc_image_gallery kc-carousel-image kc-grid \">\n<div class=\"item-grid grid-5\"><a class=\"kc-image-link kc-pretty-photo\" data-lightbox=\"kc-lightbox\" rel=\"kc-pretty-photo[34703632]\" href=\"http:\/\/mcd.mco.lv\/wp-content\/uploads\/2018\/10\/SIA_NIC_Ozols_LUS-ugunsdro\u0161\u012bbas-sertifik\u0101ts-page-001-724x1024.jpg\"><img src=\"http:\/\/mcd.mco.lv\/wp-content\/uploads\/2018\/10\/SIA_NIC_Ozols_LUS-ugunsdro\u0161\u012bbas-sertifik\u0101ts-page-001-724x1024.jpg\" alt=\"\"\/><\/a><\/div><div class=\"item-grid grid-5\"><a class=\"kc-image-link kc-pretty-photo\" data-lightbox=\"kc-lightbox\" rel=\"kc-pretty-photo[34703632]\" href=\"http:\/\/mcd.mco.lv\/wp-content\/uploads\/2018\/10\/rihards-1024x724.jpg\"><img src=\"http:\/\/mcd.mco.lv\/wp-content\/uploads\/2018\/10\/rihards-1024x724.jpg\" alt=\"\"\/><\/a><\/div><div class=\"item-grid grid-5\"><a class=\"kc-image-link kc-pretty-photo\" data-lightbox=\"kc-lightbox\" rel=\"kc-pretty-photo[34703632]\" href=\"http:\/\/mcd.mco.lv\/wp-content\/uploads\/2018\/10\/LTRK-biedrs138-1-724x1024.jpg\"><img src=\"http:\/\/mcd.mco.lv\/wp-content\/uploads\/2018\/10\/LTRK-biedrs138-1-724x1024.jpg\" alt=\"\"\/><\/a><\/div><div class=\"item-grid grid-5\"><a class=\"kc-image-link kc-pretty-photo\" data-lightbox=\"kc-lightbox\" rel=\"kc-pretty-photo[34703632]\" href=\"http:\/\/mcd.mco.lv\/wp-content\/uploads\/2018\/10\/img7-1_WM.jpg\"><img src=\"http:\/\/mcd.mco.lv\/wp-content\/uploads\/2018\/10\/img7-1_WM.jpg\" alt=\"\"\/><\/a><\/div><div class=\"item-grid grid-5\"><a class=\"kc-image-link kc-pretty-photo\" data-lightbox=\"kc-lightbox\" rel=\"kc-pretty-photo[34703632]\" href=\"http:\/\/mcd.mco.lv\/wp-content\/uploads\/2018\/10\/2017-04-04_09-53-35-718x1024.png\"><img src=\"http:\/\/mcd.mco.lv\/wp-content\/uploads\/2018\/10\/2017-04-04_09-53-35-718x1024.png\" alt=\"\"\/><\/a><\/div><\/div>\n<\/div><\/div><\/div><\/div><\/div><\/section><section class=\"kc-elm kc-css-48465 kc_row\"><div class=\"kc-row-container  kc-container\"><div class=\"kc-wrap-columns\"><div class=\"kc-elm kc-css-39851 kc_col-sm-12 kc_column kc_col-sm-12\"><div class=\"kc-col-container\">\n \n\n\n<!--Team Section-->\n<section class=\"team-section\">\n\t<div class=\"auto-container\">\n\t\t<!--Sec Title-->\n\t\t<div class=\"sec-title\">\n\t\t\t<h2>M\u016bsu komanda<\/h2>\n\t\t<\/div>\n\t\t<div class=\"three-item-carousel owl-carousel owl-theme\">\n\t\t\n\t\t\t\t\t\t\n\t\t\t\t<!--Team Member-->\n\t\t\t\t<div class=\"team-member\">\n\t\t\t\t\t<div class=\"inner-box\">\n\t\t\t\t\t\t<div class=\"image\">\n\t\t\t\t\t\t\t<img width=\"370\" height=\"220\" src=\"http:\/\/mcd.mco.lv\/wp-content\/uploads\/2017\/09\/team-1.jpg\" class=\"img-responsive wp-post-image\" alt=\"\" loading=\"lazy\" srcset=\"http:\/\/mcd.mco.lv\/wp-content\/uploads\/2017\/09\/team-1.jpg 370w, http:\/\/mcd.mco.lv\/wp-content\/uploads\/2017\/09\/team-1-300x178.jpg 300w\" sizes=\"(max-width: 370px) 100vw, 370px\" \/>\t\t\t\t\t\t\t<div class=\"overlay-box\">\n\t\t\t\t\t\t\t\n\t\t\t\t\t\t\t\t                                <ul class=\"social-icon-two\">\n                                                                            <li><a href=\"https:\/\/facebook.com\"><span class=\"fa fa fa-facebook\" aria-hidden=\"true\"><\/span><\/a><\/li>\n                                                                            <li><a href=\"https:\/\/twitter.com\"><span class=\"fa fa fa-twitter\" aria-hidden=\"true\"><\/span><\/a><\/li>\n                                                                            <li><a href=\"https:\/\/linkedin.com\"><span class=\"fa fa fa-linkedin\" aria-hidden=\"true\"><\/span><\/a><\/li>\n                                                                    <\/ul>\n                            \t\t\t\t\t\t\t\t<\/div>\n\t\t\t\t\t\t<\/div>\n\t\t\t\t\t\t<div class=\"lower-content\">\n\t\t\t\t\t\t\t<h3><a href=\"#\">Eliot Hananiah<\/a><\/h3>\n\t\t\t\t\t\t\t<div class=\"designation\">President<\/div>\n\t\t\t\t\t\t\t<div class=\"text\">To taken trivial example which of us ever undertakes it laborious physical exercise works. <\/div>\n\t\t\t\t\t\t<\/div>\n\t\t\t\t\t<\/div>\n\t\t\t\t<\/div>\n\t\t\t\n\t\t\t\t\t\t\n\t\t\t\t<!--Team Member-->\n\t\t\t\t<div class=\"team-member\">\n\t\t\t\t\t<div class=\"inner-box\">\n\t\t\t\t\t\t<div class=\"image\">\n\t\t\t\t\t\t\t<img width=\"370\" height=\"220\" src=\"http:\/\/mcd.mco.lv\/wp-content\/uploads\/2017\/09\/team-2.jpg\" class=\"img-responsive wp-post-image\" alt=\"\" loading=\"lazy\" srcset=\"http:\/\/mcd.mco.lv\/wp-content\/uploads\/2017\/09\/team-2.jpg 370w, http:\/\/mcd.mco.lv\/wp-content\/uploads\/2017\/09\/team-2-300x178.jpg 300w\" sizes=\"(max-width: 370px) 100vw, 370px\" \/>\t\t\t\t\t\t\t<div class=\"overlay-box\">\n\t\t\t\t\t\t\t\n\t\t\t\t\t\t\t\t                                <ul class=\"social-icon-two\">\n                                                                            <li><a href=\"https:\/\/facebook.com\"><span class=\"fa fa fa-facebook\" aria-hidden=\"true\"><\/span><\/a><\/li>\n                                                                            <li><a href=\"https:\/\/twitter.com\"><span class=\"fa fa fa-twitter\" aria-hidden=\"true\"><\/span><\/a><\/li>\n                                                                            <li><a href=\"https:\/\/linkedin.com\"><span class=\"fa fa fa-linkedin\" aria-hidden=\"true\"><\/span><\/a><\/li>\n                                                                    <\/ul>\n                            \t\t\t\t\t\t\t\t<\/div>\n\t\t\t\t\t\t<\/div>\n\t\t\t\t\t\t<div class=\"lower-content\">\n\t\t\t\t\t\t\t<h3><a href=\"#\">Chaz Cuthbert<\/a><\/h3>\n\t\t\t\t\t\t\t<div class=\"designation\">Manager<\/div>\n\t\t\t\t\t\t\t<div class=\"text\">To taken trivial example which of us ever undertakes it laborious physical exercise works. <\/div>\n\t\t\t\t\t\t<\/div>\n\t\t\t\t\t<\/div>\n\t\t\t\t<\/div>\n\t\t\t\n\t\t\t\t\t\t\n\t\t\t\t<!--Team Member-->\n\t\t\t\t<div class=\"team-member\">\n\t\t\t\t\t<div class=\"inner-box\">\n\t\t\t\t\t\t<div class=\"image\">\n\t\t\t\t\t\t\t<img width=\"370\" height=\"220\" src=\"http:\/\/mcd.mco.lv\/wp-content\/uploads\/2017\/09\/team-3.jpg\" class=\"img-responsive wp-post-image\" alt=\"\" loading=\"lazy\" srcset=\"http:\/\/mcd.mco.lv\/wp-content\/uploads\/2017\/09\/team-3.jpg 370w, http:\/\/mcd.mco.lv\/wp-content\/uploads\/2017\/09\/team-3-300x178.jpg 300w\" sizes=\"(max-width: 370px) 100vw, 370px\" \/>\t\t\t\t\t\t\t<div class=\"overlay-box\">\n\t\t\t\t\t\t\t\n\t\t\t\t\t\t\t\t                                <ul class=\"social-icon-two\">\n                                                                            <li><a href=\"https:\/\/facebook.com\"><span class=\"fa fa fa-facebook\" aria-hidden=\"true\"><\/span><\/a><\/li>\n                                                                            <li><a href=\"https:\/\/twitter.com\"><span class=\"fa fa fa-twitter\" aria-hidden=\"true\"><\/span><\/a><\/li>\n                                                                            <li><a href=\"https:\/\/linkedin.com\"><span class=\"fa fa fa-linkedin\" aria-hidden=\"true\"><\/span><\/a><\/li>\n                                                                    <\/ul>\n                            \t\t\t\t\t\t\t\t<\/div>\n\t\t\t\t\t\t<\/div>\n\t\t\t\t\t\t<div class=\"lower-content\">\n\t\t\t\t\t\t\t<h3><a href=\"#\">Matthew Neil<\/a><\/h3>\n\t\t\t\t\t\t\t<div class=\"designation\">Engineer<\/div>\n\t\t\t\t\t\t\t<div class=\"text\">To taken trivial example which of us ever undertakes it laborious physical exercise works. <\/div>\n\t\t\t\t\t\t<\/div>\n\t\t\t\t\t<\/div>\n\t\t\t\t<\/div>\n\t\t\t\n\t\t\t\t\t\t\n\t\t<\/div>\n\t<\/div>\n<\/section>\n<!--End Team Section-->\n\n<\/div><\/div><\/div><\/div><\/section><section class=\"kc-elm kc-css-563098 kc_row\"><div class=\"kc-row-container  kc-container\"><div class=\"kc-wrap-columns\"><div class=\"kc-elm kc-css-641456 kc_col-sm-12 kc_column kc_col-sm-12\"><div class=\"kc-col-container\"><div class=\"kc-elm kc-css-314477\" style=\"height: 81px; clear: both; width:100%;\"><\/div><\/div><\/div><\/div><\/div><\/section><section class=\"kc-elm kc-css-786616 kc_row\"><div class=\"kc-row-container\"><div class=\"kc-wrap-columns\"><div class=\"kc-elm kc-css-814358 kc_col-sm-12 kc_column kc_col-sm-12\"><div class=\"kc-col-container\"><!--Call To Action-->\n<section class=\"call-to-action-section\" style=\"background-image:url(http:\/\/mercorbaltic.eu\/wp-content\/uploads\/2017\/09\/1.jpg);\">\n\t<div class=\"auto-container\">\n\t\t<div class=\"row clearfix\">\n\t\t\t<div class=\"column col-md-9 col-sm-12 col-xs-12\">\n\t\t\t\t<div class=\"text\">M\u0113s nevaram kontrol\u0113t laikapst\u0101k\u013cus, bet varam kontrol\u0113t liesmu, dro\u0161\u012bbu un kvalit\u0101ti. <\/div>\n\t\t\t<\/div>\n\t\t\t<div class=\"btn-column col-md-3 col-sm-12 col-xs-12\">\n\t\t\t\t<a href=\"\/kontakti\/\" class=\"theme-btn btn-style-two\">Sazinieties ar mums<\/a>\n\t\t\t<\/div>\n\t\t<\/div>\n\t<\/div>\n<\/section>\n<!--End Call To Action--><\/div><\/div><\/div><\/div><\/section><\/p>","protected":false},"excerpt":{"rendered":"","protected":false},"author":1,"featured_media":0,"parent":0,"menu_order":0,"comment_status":"closed","ping_status":"closed","template":"tpl-king_composer.php","meta":[],"_links":{"self":[{"href":"http:\/\/mcd.mco.lv\/lv\/wp-json\/wp\/v2\/pages\/24"}],"collection":[{"href":"http:\/\/mcd.mco.lv\/lv\/wp-json\/wp\/v2\/pages"}],"about":[{"href":"http:\/\/mcd.mco.lv\/lv\/wp-json\/wp\/v2\/types\/page"}],"author":[{"embeddable":true,"href":"http:\/\/mcd.mco.lv\/lv\/wp-json\/wp\/v2\/users\/1"}],"replies":[{"embeddable":true,"href":"http:\/\/mcd.mco.lv\/lv\/wp-json\/wp\/v2\/comments?post=24"}],"version-history":[{"count":51,"href":"http:\/\/mcd.mco.lv\/lv\/wp-json\/wp\/v2\/pages\/24\/revisions"}],"predecessor-version":[{"id":971,"href":"http:\/\/mcd.mco.lv\/lv\/wp-json\/wp\/v2\/pages\/24\/revisions\/971"}],"wp:attachment":[{"href":"http:\/\/mcd.mco.lv\/lv\/wp-json\/wp\/v2\/media?parent=24"}],"curies":[{"name":"wp","href":"https:\/\/api.w.org\/{rel}","templated":true}]}}