{"id":1019,"date":"2020-07-07T08:44:54","date_gmt":"2020-07-07T08:44:54","guid":{"rendered":"http:\/\/mcd.mco.lv\/?post_type=product&#038;p=1019"},"modified":"2020-07-07T09:59:23","modified_gmt":"2020-07-07T09:59:23","slug":"mcr-fid-s-s-p-o-dzivojamo-eku-ventilacijas-sistema","status":"publish","type":"product","link":"http:\/\/mcd.mco.lv\/lv\/produkcija\/mcr-fid-s-s-p-o-dzivojamo-eku-ventilacijas-sistema\/","title":{"rendered":"MCR FID S\/S p\/O DZ\u012aVOJAMO \u0112KU VENTIL\u0100CIJAS SIST\u0112MA"},"content":{"rendered":"<p><strong>Ugunsiztur\u012bbas klase:<\/strong> EI120<\/p>\n<p><strong>Stipr\u0101 puse:<\/strong><\/p>\n<ul>\n<li>aizb\u012bdnis pastiprin\u0101ts ar izol\u0113jo\u0161u starpsl\u0101ni<\/li>\n<li>ar stiprin\u0101jumu pastiprin\u0101ta barjera &#8211; palielin\u0101ta meh\u0101nisk\u0101 iztur\u012bba<\/li>\n<li>lieli izm\u0113ri &#8211; l\u012bdz 1,8 m2<\/li>\n<li>uzst\u0101d\u012b\u0161ana sien\u0101s un griestos<\/li>\n<li>uzst\u0101d\u012b\u0161ana \u0101rpus \u0113kas starpsien\u0101m<\/li>\n<li>uzst\u0101d\u012b\u0161ana baterij\u0101s (sl\u0101p\u0113t\u0101ju komplekti)<\/li>\n<li>izv\u0113les izgatavo\u0161ana EX variant\u0101<\/li>\n<li>darb\u012bbas uzticam\u012bba l\u012bdz 10 000 cikliem<\/li>\n<\/ul>\n<p><\/p>","protected":false},"excerpt":{"rendered":"<style>\n .price-btn {\n  outline: none;\n  text-decoration: none;\n  display: inline-block;\n  margin-right: 0.625%;\n  padding-left: 10px;\n  padding-right: 10px;\n  text-align: center;\n  line-height: 3;\n  color: black;\n }\n .price-btn:link, .price-btn:visited, .price-btn:focus {\n  background: #3fa84d;\n  color: white;\n }\n .price-btn:hover {\n  background: #4e9e59;\n }\n .price-btn:active {\n  background: #4b9454;\n  color: white;\n }\n<\/style>\n<p>Tie ir paredz\u0113ti uzst\u0101d\u012b\u0161anai visp\u0101r\u0113j\u0101s ventil\u0101cijas sist\u0113m\u0101s viet\u0101s, kur \u0161\u012bs iek\u0101rtas var iek\u013c\u016bt caur \u0113kas starpsien\u0101m.<\/p>\n<p><a class=\"price-btn\" href=\"http:\/\/mcd.mco.lv\/wp-content\/uploads\/2020\/07\/Mercor_FID_S_O_Fire_damper_price_list_2020_NIC_Ozols.pdf\" target=\"_blank\" rel=\"noopener\">Mercor FID S O Fire damper \u2013 \u0421enr\u0101dis<\/a><\/p>\n","protected":false},"featured_media":1020,"template":"","meta":[],"_links":{"self":[{"href":"http:\/\/mcd.mco.lv\/lv\/wp-json\/wp\/v2\/product\/1019"}],"collection":[{"href":"http:\/\/mcd.mco.lv\/lv\/wp-json\/wp\/v2\/product"}],"about":[{"href":"http:\/\/mcd.mco.lv\/lv\/wp-json\/wp\/v2\/types\/product"}],"wp:featuredmedia":[{"embeddable":true,"href":"http:\/\/mcd.mco.lv\/lv\/wp-json\/wp\/v2\/media\/1020"}],"wp:attachment":[{"href":"http:\/\/mcd.mco.lv\/lv\/wp-json\/wp\/v2\/media?parent=1019"}],"curies":[{"name":"wp","href":"https:\/\/api.w.org\/{rel}","templated":true}]}}