{"id":1023,"date":"2020-07-07T09:16:50","date_gmt":"2020-07-07T09:16:50","guid":{"rendered":"http:\/\/mcd.mco.lv\/?post_type=product&#038;p=1023"},"modified":"2020-07-07T10:02:31","modified_gmt":"2020-07-07T10:02:31","slug":"mcr-fid-pro-dzivojamo-eku-ventilacijas-sistema","status":"publish","type":"product","link":"http:\/\/mcd.mco.lv\/lv\/produkcija\/mcr-fid-pro-dzivojamo-eku-ventilacijas-sistema\/","title":{"rendered":"MCR FID PRO DZ\u012aVOJAMO \u0112KU VENTIL\u0100CIJAS SIST\u0112MA"},"content":{"rendered":"<p><strong>Ugunsiztur\u012bbas klase:<\/strong> EI120<\/p>\n<p><strong>Stipr\u0101 puse:<\/strong><\/p>\n<ul>\n<li>zema pl\u016bsmas pretest\u012bba<\/li>\n<li>nipelis vai muff variants<\/li>\n<li>uzst\u0101d\u012b\u0161ana sien\u0101s un griestos<\/li>\n<li>izv\u0113les izgatavo\u0161ana EX variant\u0101<\/li>\n<li>darb\u012bbas uzticam\u012bba l\u012bdz 10 000 cikliem<\/li>\n<\/ul>\n<p><\/p>","protected":false},"excerpt":{"rendered":"<style>\n .price-btn {<br \/>\n  outline: none;<br \/>\n  text-decoration: none;<br \/>\n  display: inline-block;<br \/>\n  margin-right: 0.625%;<br \/>\n  padding-left: 10px;<br \/>\n  padding-right: 10px;<br \/>\n  text-align: center;<br \/>\n  line-height: 3;<br \/>\n  color: black;<br \/>\n }<br \/>\n .price-btn:link, .price-btn:visited, .price-btn:focus {<br \/>\n  background: #3fa84d;<br \/>\n  color: white;<br \/>\n }<br \/>\n .price-btn:hover {<br \/>\n  background: #4e9e59;<br \/>\n }<br \/>\n .price-btn:active {<br \/>\n  background: #4b9454;<br \/>\n  color: white;<br \/>\n }<br \/>\n<\/style>\n<p>Tie ir paredz\u0113ti izmanto\u0161anai komfortablas ventil\u0101cijas ier\u012bko\u0161an\u0101 viet\u0101s, kur \u0161\u012bm ier\u012bc\u0113m var iek\u013c\u016bt caur vertik\u0101l\u0101m un horizont\u0101l\u0101m \u0113kas starpsien\u0101m. Tie ir uzst\u0101d\u012bti sist\u0113m\u0101s ar paaugstin\u0101t\u0101m akustiskaj\u0101m pras\u012bb\u0101m.<\/p>\n<p><a class=\"price-btn\" href=\"http:\/\/mcd.mco.lv\/wp-content\/uploads\/2020\/07\/Mercor_FID_PRO_Fire_damper_price_list_2020_NIC_Ozols.pdf\" target=\"_blank\" rel=\"noopener\">Mercor FID PRO Fire damper \u2013 Cenr\u0101dis<\/a><\/p>\n","protected":false},"featured_media":1027,"template":"","meta":[],"_links":{"self":[{"href":"http:\/\/mcd.mco.lv\/lv\/wp-json\/wp\/v2\/product\/1023"}],"collection":[{"href":"http:\/\/mcd.mco.lv\/lv\/wp-json\/wp\/v2\/product"}],"about":[{"href":"http:\/\/mcd.mco.lv\/lv\/wp-json\/wp\/v2\/types\/product"}],"wp:featuredmedia":[{"embeddable":true,"href":"http:\/\/mcd.mco.lv\/lv\/wp-json\/wp\/v2\/media\/1027"}],"wp:attachment":[{"href":"http:\/\/mcd.mco.lv\/lv\/wp-json\/wp\/v2\/media?parent=1023"}],"curies":[{"name":"wp","href":"https:\/\/api.w.org\/{rel}","templated":true}]}}