{"id":1029,"date":"2020-07-07T09:36:47","date_gmt":"2020-07-07T09:36:47","guid":{"rendered":"http:\/\/mcd.mco.lv\/?post_type=product&#038;p=1029"},"modified":"2020-07-07T09:57:10","modified_gmt":"2020-07-07T09:57:10","slug":"mcr-fid-s-v-p-p-daudzzonu-ventilacijas-sistema","status":"publish","type":"product","link":"http:\/\/mcd.mco.lv\/lv\/produkcija\/mcr-fid-s-v-p-p-daudzzonu-ventilacijas-sistema\/","title":{"rendered":"MCR FID S\/V P\/P DAUDZZONU VENTIL\u0100CIJAS SIST\u0112MA"},"content":{"rendered":"<p><strong>Ugunsiztur\u012bbas klase:<\/strong> EI120<\/p>\n<p><strong>Stipr\u0101 puse:<\/strong><\/p>\n<ul>\n<li>sl\u0101p\u0113t\u0101ja korpuss ir pastiprin\u0101ts ar izol\u0101cijas oderi<\/li>\n<li>ar stiprin\u0101jumu pastiprin\u0101ta sl\u0101p\u0113t\u0101ja l\u0101psti\u0146a &#8211; palielin\u0101ta meh\u0101nisk\u0101 iztur\u012bba<\/li>\n<li>lieli sl\u0101p\u0113t\u0101ja izm\u0113ri &#8211; l\u012bdz 1,5 m2<\/li>\n<li>uzst\u0101d\u012b\u0161ana baterij\u0101s (sl\u0101p\u0113t\u0101ju komplekti)<\/li>\n<li>darb\u012bbas uzticam\u012bba l\u012bdz 10 000 cikliem<\/li>\n<\/ul>\n<p><\/p>","protected":false},"excerpt":{"rendered":"<style>\n .price-btn {<br \/>  outline: none;<br \/>  text-decoration: none;<br \/>  display: inline-block;<br \/>  margin-right: 0.625%;<br \/>  padding-left: 10px;<br \/>  padding-right: 10px;<br \/>  text-align: center;<br \/>  line-height: 3;<br \/>  color: black;<br \/> }<br \/> .price-btn:link, .price-btn:visited, .price-btn:focus {<br \/>  background: #3fa84d;<br \/>  color: white;<br \/> }<br \/> .price-btn:hover {<br \/>  background: #4e9e59;<br \/> }<br \/> .price-btn:active {<br \/>  background: #4b9454;<br \/>  color: white;<br \/> }<br \/><\/style>\n<p>Tie ir paredz\u0113ti uzst\u0101d\u012b\u0161anai autom\u0101tiski aktiviz\u0113jam\u0101s uguns ventil\u0101cijas sist\u0113m\u0101s. T\u0101s atbalsta atsevi\u0161\u0137as ugunsgr\u0113ka zonas, k\u0101 ar\u012b vair\u0101kas zonas vien\u0101 objekt\u0101. Tie nov\u0113r\u0161 uguns, d\u016bmu un uguns g\u0101zu izplat\u012b\u0161anos kaimi\u0146u zon\u0101s.<\/p>\n<p><a class=\"price-btn\" href=\"http:\/\/mcd.mco.lv\/wp-content\/uploads\/2020\/07\/Mercor_FID_S_V_Smoke_damper_price_list_2020_NIC_Ozols.pdf\" target=\"_blank\" rel=\"noopener\">Mercor FID S V Smoke damper \u2013 \u0421enr\u0101dis<\/a><\/p>\n","protected":false},"featured_media":1031,"template":"","meta":[],"_links":{"self":[{"href":"http:\/\/mcd.mco.lv\/lv\/wp-json\/wp\/v2\/product\/1029"}],"collection":[{"href":"http:\/\/mcd.mco.lv\/lv\/wp-json\/wp\/v2\/product"}],"about":[{"href":"http:\/\/mcd.mco.lv\/lv\/wp-json\/wp\/v2\/types\/product"}],"wp:featuredmedia":[{"embeddable":true,"href":"http:\/\/mcd.mco.lv\/lv\/wp-json\/wp\/v2\/media\/1031"}],"wp:attachment":[{"href":"http:\/\/mcd.mco.lv\/lv\/wp-json\/wp\/v2\/media?parent=1029"}],"curies":[{"name":"wp","href":"https:\/\/api.w.org\/{rel}","templated":true}]}}