{"id":809,"date":"2018-10-04T16:00:59","date_gmt":"2018-10-04T16:00:59","guid":{"rendered":"http:\/\/mercorbaltic.eu\/?post_type=product&#038;p=809"},"modified":"2018-10-04T18:41:06","modified_gmt":"2018-10-04T18:41:06","slug":"mcr-prolight-luka-joslas","status":"publish","type":"product","link":"http:\/\/mcd.mco.lv\/lv\/produkcija\/mcr-prolight-luka-joslas\/","title":{"rendered":"MCR PROLIGHT L\u016aKA JOSL\u0100S"},"content":{"rendered":"<p><\/p>\n<p><strong>Stipr\u0101s puses:<\/strong><\/p>\n<ul>\n<li>Veiktsp\u0113jas sertifik\u0101ts 1396-CPR-0039 saska\u0146\u0101 ar EN12101-2: 2003 (PN-EN12101-2: 2005)<\/li>\n<li>Daudzfunkcionalit\u0101te: apgaismojums, d\u016bmu novad\u012b&scaron;ana, ikdienas ventil\u0101cija<\/li>\n<li>Piem\u0113ro&scaron;ana da\u017e\u0101du veidu \u0113k\u0101m<\/li>\n<li>Da\u017e\u0101das formas un izm\u0113ri<\/li>\n<\/ul>\n<p><strong>Funkcijas:<\/strong><\/p>\n<ul>\n<li>d\u016bmu izvade<\/li>\n<li>ventil\u0101cija<\/li>\n<\/ul>\n<p><strong>D\u016bmu ventil\u0101cijas vad\u012bbas sist\u0113mas:<\/strong><\/p>\n<ul>\n<li>pneimatisk\u0101<\/li>\n<li>elektrisk\u0101 24V-<\/li>\n<\/ul>\n<p><strong>Ventil\u0101cijas l\u016bku vad\u012bbas sist\u0113mas:<\/strong><\/p>\n<ul>\n<li><strong>\u200b<\/strong>elektrisk\u0101 230V ~<\/li>\n<\/ul>\n<p><\/p>","protected":false},"excerpt":{"rendered":"<p>Gaismas joslu galven\u0101 funkcija ir nodro\u0161in\u0101t dabisko apgaismojumu telpu iek\u0161ien\u0113. Gaismas joslas ir apr\u012bkotas ar d\u016bmu izvades un\/vai ventil\u0101cijas l\u016bk\u0101m.<\/p>\n","protected":false},"featured_media":810,"template":"","meta":[],"_links":{"self":[{"href":"http:\/\/mcd.mco.lv\/lv\/wp-json\/wp\/v2\/product\/809"}],"collection":[{"href":"http:\/\/mcd.mco.lv\/lv\/wp-json\/wp\/v2\/product"}],"about":[{"href":"http:\/\/mcd.mco.lv\/lv\/wp-json\/wp\/v2\/types\/product"}],"wp:featuredmedia":[{"embeddable":true,"href":"http:\/\/mcd.mco.lv\/lv\/wp-json\/wp\/v2\/media\/810"}],"wp:attachment":[{"href":"http:\/\/mcd.mco.lv\/lv\/wp-json\/wp\/v2\/media?parent=809"}],"curies":[{"name":"wp","href":"https:\/\/api.w.org\/{rel}","templated":true}]}}