{"id":815,"date":"2018-10-04T16:15:16","date_gmt":"2018-10-04T16:15:16","guid":{"rendered":"http:\/\/mercorbaltic.eu\/?post_type=product&#038;p=815"},"modified":"2018-10-04T19:17:39","modified_gmt":"2018-10-04T19:17:39","slug":"mcr-ultra-therm-dumu-lukas-un-gaismas-lukas","status":"publish","type":"product","link":"http:\/\/mcd.mco.lv\/lv\/produkcija\/mcr-ultra-therm-dumu-lukas-un-gaismas-lukas\/","title":{"rendered":"MCR ULTRA THERM D\u016aMU L\u016aKAS UN GAISMAS L\u016aKAS"},"content":{"rendered":"<p><\/p>\n<p>D\u016bmu izvades l\u016bkas mcr ULTRA THERM klasifik\u0101cija saska\u0146\u0101 ar PN-EN 12101-2: 2005 standartu:&nbsp;<\/p>\n<ul>\n<li>minim\u0101lais nomin\u0101lais izm\u0113rs: 80 [cm] x 120 [cm]&nbsp;<\/li>\n<li>maksim\u0101lais nomin\u0101lais izm\u0113rs: 200 [cm] x 300 [cm]&nbsp;<\/li>\n<li>sniega slodzes klase: SL 250 &#8211; SL 950<\/li>\n<li>v\u0113ja notur\u012bbas klase: WL 750 &#8211; WL 1500&nbsp;<\/li>\n<li>augstas temperat\u016bras pretest\u012bbas klase: B 300&nbsp;<\/li>\n<li>ekspluat\u0101cijas dro&scaron;\u012bba: Re 100 &#8211; 300&nbsp;<\/li>\n<li>ugunsgr\u0113ka reakcijas klase met\u0101la elementiem: A1&nbsp;<\/li>\n<li>ugunsreakcijas klase polikarbon\u0101ta pild\u012bjumam: B-s2-d0<\/li>\n<li>reakcija uz ugunsgr\u0113ka klasi citiem elementiem: F&nbsp;<\/li>\n<li>maksim\u0101lais atv\u0113ruma atv\u0113r&scaron;an\u0101s laiks darba poz\u012bcij\u0101: 60 [s]&nbsp;<\/li>\n<li>atloka atveres le\u0146\u0137is: 140&ordm;-160&ordm;&nbsp; &nbsp;<\/li>\n<\/ul>\n<p>MCR ULTRA THERM \u0123imenes produkti var darboties k\u0101 d\u016bmu izpl\u016bdes aizb\u012bd\u0146i, ventil\u0101cijas v\u0101rsti, jumta logi, k\u0101 ar\u012b jumta l\u016bkas.&nbsp;<\/p>\n<p>Pateicoties izcilaj\u0101m klasifik\u0101cij\u0101m siltumizol\u0101cijas jom\u0101 (U rc = 0,8 W \/ m 2 K), MCR ULTRA THERM var dro&scaron;i izmantot ne tikai r\u016bpniec\u012bbas, noliktav\u0101s vai tirdzniec\u012bbas \u0113k\u0101s, bet ar\u012b sabiedriskaj\u0101s un dz\u012bvojam\u0101s \u0113k\u0101s. Ier\u012bces ar augst\u0101kajiem term\u0101lajiem parametriem ir piem\u0113rotas ar\u012b t\u0101d\u0101s telp\u0101s, k\u0101 sald\u0113tav\u0101s un aukstuma noliktav\u0101s, kas arvien bie\u017e\u0101k tiek veidotas lielos lo\u0123istikas centros.<\/p>\n<p><\/p>","protected":false},"excerpt":{"rendered":"<p>MCR ULTRA THERM d\u016bmu l\u016bka ir inovat\u012bvs produkts, kur\u0101 ir izdevies sasniegt ne tikai siltuma parametrus, kas p\u0101rsniedz pa\u0161reiz\u0113j\u0101s pras\u012bbas (Urc = 0,8 W \/ m2K), bet ar\u012b piln\u012bgi nov\u0113r\u0161ot termiskos tiltus.<\/p>\n","protected":false},"featured_media":816,"template":"","meta":[],"_links":{"self":[{"href":"http:\/\/mcd.mco.lv\/lv\/wp-json\/wp\/v2\/product\/815"}],"collection":[{"href":"http:\/\/mcd.mco.lv\/lv\/wp-json\/wp\/v2\/product"}],"about":[{"href":"http:\/\/mcd.mco.lv\/lv\/wp-json\/wp\/v2\/types\/product"}],"wp:featuredmedia":[{"embeddable":true,"href":"http:\/\/mcd.mco.lv\/lv\/wp-json\/wp\/v2\/media\/816"}],"wp:attachment":[{"href":"http:\/\/mcd.mco.lv\/lv\/wp-json\/wp\/v2\/media?parent=815"}],"curies":[{"name":"wp","href":"https:\/\/api.w.org\/{rel}","templated":true}]}}