{"id":922,"date":"2018-10-29T12:57:56","date_gmt":"2018-10-29T12:57:56","guid":{"rendered":"http:\/\/mercorbaltic.eu\/?post_type=product&#038;p=922"},"modified":"2018-10-29T13:14:21","modified_gmt":"2018-10-29T13:14:21","slug":"mcr-lam-ventilacijas-atveres","status":"publish","type":"product","link":"http:\/\/mcd.mco.lv\/lv\/produkcija\/mcr-lam-ventilacijas-atveres\/","title":{"rendered":"MCR LAM VENTIL\u0100CIJAS ATVERES"},"content":{"rendered":"<p><strong>MCR LAM Ventil\u0101cijas atveres tipi:<\/strong><\/p>\n<ul>\n<li>Jumta ventil\u0101cijas atveres<\/li>\n<li>Fas\u0101des ventil\u0101cijas atveres<\/li>\n<\/ul>\n<table>\n<tbody>\n<tr>\n<th>TIPS<\/th>\n<th>MIN<\/th>\n<th>MAX<\/th>\n<\/tr>\n<tr>\n<td>MCR LAM<\/td>\n<td>800 x 500 [mm]<\/td>\n<td>3800 x 2500 [mm]<\/td>\n<\/tr>\n<\/tbody>\n<\/table>\n<p><strong>Standarta tehniskais apraksts\u00a0<\/strong><\/p>\n<ul>\n<li>\u200baugstums 150-250 mm, izgatavots no cinkotas t\u0113rauda loksnes ar biezumu 1,25 mm vai no alum\u012bnija loksnes th. 2 mm (pak\u0101pe AIMg3),<\/li>\n<li>pamatnes apak\u0161\u0113jai da\u013cai ir 100 mm platuma perimetrs, caur kuru pamatne ir piestiprin\u0101ta pie jumta konstrukcijas;<\/li>\n<li>biezas 20 mm biezas ciet\u0101s miner\u0101lvates pamatnes siltumizol\u0101cija; siltuma caurlaid\u012bbas koeficients U = 1,41 W \/ m2K<\/li>\n<li>lapu stiklojums: PCA 16 mm daudzkameru polikarbon\u0101ta panelis, neizol\u0113tas alum\u012bnija loksnes (necaursp\u012bd\u012bgs stiklojums &#8211; SO), alum\u012bnija loksnes, kas izol\u0113tas ar XPS pane\u013cu. 20 mm (stikla stiklojums ar SO + XPS)<\/li>\n<\/ul>\n<p><strong>Funkcijas<\/strong><\/p>\n<ul>\n<li>d\u016bmu izspie\u0161ana (atloku l\u0101psti\u0146u atv\u0113r\u0161anas le\u0146\u0137is 90 \u00b0)<\/li>\n<li>ventil\u0101cija<\/li>\n<\/ul>\n<p><strong>Kontroles sist\u0113mas\u00a0<\/strong><\/p>\n<ul>\n<li>pneimatiskais<\/li>\n<li>elektrisk\u0101 24V-<\/li>\n<\/ul>\n<p><\/p>","protected":false},"excerpt":{"rendered":"<p><strong>MCR LAM<\/strong> ventil\u0101cijas atveres ir da\u013ca no dabisk\u0101s d\u016bmu izvades sist\u0113mas, kuras galvenais m\u0113r\u0137is ir izvad\u012bt ugunsgr\u0113ka g\u0101zes \u0101rpus \u0113kas. MERCOR izgatavot\u0101s ventil\u0101cijas atveres ir pieejamas pla\u0161\u0101 izm\u0113ra diapazon\u0101, vad\u012bbas sist\u0113mas veidos un izgatavo\u0161anas veidos. MCR LAM ventil\u0101cijas atveres atbilst normat\u012bviem PN-EN 12101-2.<\/p>\n","protected":false},"featured_media":923,"template":"","meta":[],"_links":{"self":[{"href":"http:\/\/mcd.mco.lv\/lv\/wp-json\/wp\/v2\/product\/922"}],"collection":[{"href":"http:\/\/mcd.mco.lv\/lv\/wp-json\/wp\/v2\/product"}],"about":[{"href":"http:\/\/mcd.mco.lv\/lv\/wp-json\/wp\/v2\/types\/product"}],"wp:featuredmedia":[{"embeddable":true,"href":"http:\/\/mcd.mco.lv\/lv\/wp-json\/wp\/v2\/media\/923"}],"wp:attachment":[{"href":"http:\/\/mcd.mco.lv\/lv\/wp-json\/wp\/v2\/media?parent=922"}],"curies":[{"name":"wp","href":"https:\/\/api.w.org\/{rel}","templated":true}]}}