{"id":933,"date":"2018-10-29T13:43:16","date_gmt":"2018-10-29T13:43:16","guid":{"rendered":"http:\/\/mercorbaltic.eu\/?post_type=product&#038;p=933"},"modified":"2018-10-31T13:02:51","modified_gmt":"2018-10-31T13:02:51","slug":"mcr-prolight-nepartrauktas-jumta-lukas-ar-intigretu-dumu-izvadi","status":"publish","type":"product","link":"http:\/\/mcd.mco.lv\/lv\/produkcija\/mcr-prolight-nepartrauktas-jumta-lukas-ar-intigretu-dumu-izvadi\/","title":{"rendered":"MCR PROLIGHT NEP\u0100RTRAUKTAS JUMTA L\u016aKAS AR INTIGR\u0112TU D\u016aMU IZVADI"},"content":{"rendered":"<p>Nep\u0101rtrauktu jumta l\u016bku veidi<\/p>\n<ul>\n<li>Arkas formas jumta l\u016bkas<\/li>\n<li>Tr\u012bsst\u016bra formas jumta l\u016bkas<\/li>\n<li>Piram\u012bdas formas jumta l\u016bkas<\/li>\n<\/ul>\n<p><strong>Standarta tehniskais apraksts<\/strong><\/p>\n<ul>\n<li>taisna pamatne, augstuma no 300 mm \u00d7 700 mm, kas izgatavota no cinkota biezuma loksnes, kas atbilst jumta loga parametriem (platums, garums, stiklojuma biezums)<\/li>\n<li>jumta logu stiklojums no daudzkameras polikarbon\u0101ta, pieejams da\u017e\u0101dos biezumos un kr\u0101s\u0101s, jumta l\u016bkas ar BROOF (t1) klasifik\u0101ciju<\/li>\n<li>nep\u0101rtrauktas jumta l\u016bkas var pieg\u0101d\u0101t ar atveram\u0101m vien\u012bb\u0101m<\/li>\n<li>d\u016bmu izvades v\u0113rtnes, lai izvad\u012btu d\u016bmus, karstumu un dego\u0161us izgarojumus<\/li>\n<li>ventil\u0101cijas v\u0101rsti visp\u0101r\u0113jai ventil\u0101cijai<\/li>\n<li>nep\u0101rtraukta gaismas jumta l\u016bkas konstrukcija, kas izgatavota no alum\u012bnija formas sekcij\u0101m, kas nodro\u0161ina \u016bdens noteci<\/li>\n<\/ul>\n<table>\n<tbody>\n<tr>\n<th rowspan=\"2\">TIPS<\/th>\n<th colspan=\"2\">L\u0100PSTI\u0145U TIPS<\/th>\n<\/tr>\n<tr>\n<th>MINIM\u0100LAIS IZM\u0112RS [mm]<\/th>\n<th>MAKSIM\u0100LAIS IZM\u0112RS [mm]<\/th>\n<\/tr>\n<tr>\n<td>Arkas forma<\/td>\n<td>1000&#215;1000<\/td>\n<td>2000&#215;2500<\/td>\n<\/tr>\n<tr>\n<td>Tr\u012bsst\u016bra forma<\/td>\n<td>1000&#215;1000<\/td>\n<td>2000&#215;2500<\/td>\n<\/tr>\n<tr>\n<td>Piram\u012bdas forma<\/td>\n<td>1000&#215;1000<\/td>\n<td>2000&#215;2500<\/td>\n<\/tr>\n<\/tbody>\n<\/table>\n<p><\/p>","protected":false},"excerpt":{"rendered":"<p>Nep\u0101rtraukt\u0101s jumta l\u016bkas ar intigr\u0113to  d\u016bmu izvadi apgaismo telpas ar dabisko gaismu. T\u0101s galvenok\u0101rt tiek izmantotas r\u016bpnieciskaj\u0101s \u0113k\u0101s, ra\u017eo\u0161anas un noliktavu telp\u0101s, k\u0101 ar\u012b tirdzniec\u012bbas centros.<\/p>\n","protected":false},"featured_media":934,"template":"","meta":[],"_links":{"self":[{"href":"http:\/\/mcd.mco.lv\/lv\/wp-json\/wp\/v2\/product\/933"}],"collection":[{"href":"http:\/\/mcd.mco.lv\/lv\/wp-json\/wp\/v2\/product"}],"about":[{"href":"http:\/\/mcd.mco.lv\/lv\/wp-json\/wp\/v2\/types\/product"}],"wp:featuredmedia":[{"embeddable":true,"href":"http:\/\/mcd.mco.lv\/lv\/wp-json\/wp\/v2\/media\/934"}],"wp:attachment":[{"href":"http:\/\/mcd.mco.lv\/lv\/wp-json\/wp\/v2\/media?parent=933"}],"curies":[{"name":"wp","href":"https:\/\/api.w.org\/{rel}","templated":true}]}}