{"id":936,"date":"2018-10-29T18:25:30","date_gmt":"2018-10-29T18:25:30","guid":{"rendered":"http:\/\/mercorbaltic.eu\/?post_type=product&#038;p=936"},"modified":"2018-10-31T12:58:07","modified_gmt":"2018-10-31T12:58:07","slug":"mcr-prolight-neatverams-jumta-logs","status":"publish","type":"product","link":"http:\/\/mcd.mco.lv\/lv\/produkcija\/mcr-prolight-neatverams-jumta-logs\/","title":{"rendered":"MCR PROLIGHT NEATVERAMS JUMTA LOGS"},"content":{"rendered":"<p><strong>Neatveramu jumta logu veidi<\/strong><\/p>\n<p>jumta logi ar taisnu pamatni:<\/p>\n<ul>\n<li>vienviras ventil\u0101cija, C tips (kvadr\u0101t\u0101)<\/li>\n<li>vienviras ventil\u0101cija, E tips (taisnst\u016brveida)<\/li>\n<li>apa\u013cais R tips jumta logi ar sl\u012bpu b\u0101zi:<\/li>\n<li>vienviras ventil\u0101cija, tips NG-A (kvadr\u0101t\u0101 \/ taisnst\u016brveida)<\/li>\n<\/ul>\n<p><strong>Pieejamie produktu izm\u0113ri<\/strong><\/p>\n<table>\n<tbody>\n<tr>\n<th>TIPS<\/th>\n<th>MAKSIM\u0100LAIS IZM\u0112RS [mm]<\/th>\n<th>MINIM\u0100LAIS IZM\u0112RS [mm]<\/th>\n<\/tr>\n<tr>\n<td>TIPS C<\/td>\n<td>1000&#215;1000<\/td>\n<td>2000&#215;2000<\/td>\n<\/tr>\n<tr>\n<td>TIPS E<\/td>\n<td>1000&#215;1200<\/td>\n<td>2000&#215;3000<\/td>\n<\/tr>\n<tr>\n<td>TIPS NG-A<\/td>\n<td>1000&#215;1000<\/td>\n<td>2200&#215;2200<\/td>\n<\/tr>\n<tr>\n<td>TIPS R<\/td>\n<td>\u00d81000<\/td>\n<td>\u00d81800<\/td>\n<\/tr>\n<\/tbody>\n<\/table>\n<p><strong>Standarta tehniskais apraksts<\/strong><\/p>\n<ul>\n<li>taisna b\u0101ze ar augstumu 300 mm vai 500 mm, izgatavota no 1,25 mm biezas cinkotas loksnes<\/li>\n<li>b\u0101zes siltumizol\u0101cija no ciet\u0101s miner\u0101lvates, kuras biezums ir 20 mm<\/li>\n<li>pamatnes apak\u0161\u0113jai da\u013cai ir 100 mm platuma perimetrs, caur kuru pamatne ir piestiprin\u0101ta pie jumta konstrukcijas;<\/li>\n<li>v\u0113rtnes stiklojums: daudzkameru polikarbon\u0101ta panelis, akrila kupols, cietais polikarbon\u0101ta kupols, virsmas panelis, daudzkameru polikarbon\u0101ta panelis un viengabala vai divu sl\u0101\u0146u akrila kupols vai ciets<\/li>\n<li>polikarbon\u0101ta kupols, daudzkameru polikarbon\u0101ta panelis ar alum\u012bnija aploksni un stiklojumu BROOF (t1) klase<\/li>\n<\/ul>\n<p><\/p>","protected":false},"excerpt":{"rendered":"<p>MCR PROLIGHT neatveramais jumta logs nodro\u0161ina \u0113kas telpu dabisk\u0101 apgaismojuma avotu. \u0160ie jumta logi tiek izmantoti da\u017e\u0101da veida liela izm\u0113ra objektos, piem\u0113ram, r\u016bpniec\u012bbas vai noliktavu telp\u0101s, k\u0101 ar\u012b daudzst\u0101vu \u0113ku p\u0113d\u0113jos st\u0101vos.<\/p>\n","protected":false},"featured_media":937,"template":"","meta":[],"_links":{"self":[{"href":"http:\/\/mcd.mco.lv\/lv\/wp-json\/wp\/v2\/product\/936"}],"collection":[{"href":"http:\/\/mcd.mco.lv\/lv\/wp-json\/wp\/v2\/product"}],"about":[{"href":"http:\/\/mcd.mco.lv\/lv\/wp-json\/wp\/v2\/types\/product"}],"wp:featuredmedia":[{"embeddable":true,"href":"http:\/\/mcd.mco.lv\/lv\/wp-json\/wp\/v2\/media\/937"}],"wp:attachment":[{"href":"http:\/\/mcd.mco.lv\/lv\/wp-json\/wp\/v2\/media?parent=936"}],"curies":[{"name":"wp","href":"https:\/\/api.w.org\/{rel}","templated":true}]}}