{"id":939,"date":"2018-10-29T18:51:09","date_gmt":"2018-10-29T18:51:09","guid":{"rendered":"http:\/\/mercorbaltic.eu\/?post_type=product&#038;p=939"},"modified":"2018-10-31T12:55:26","modified_gmt":"2018-10-31T12:55:26","slug":"mcr-prolight-jumta-izejas-luka","status":"publish","type":"product","link":"http:\/\/mcd.mco.lv\/lv\/produkcija\/mcr-prolight-jumta-izejas-luka\/","title":{"rendered":"MCR PROLIGHT JUMTA IZEJAS L\u016aKA"},"content":{"rendered":"<p><strong>Jumta l\u016bku veidi<\/strong><\/p>\n<p>Jumta l\u016bkas ar taisnu pamatni:<\/p>\n<ul>\n<li>vienas lapas ventil\u0101cija, C tips (kvadr\u0101t\u0101)<\/li>\n<li>vienas lapas ventil\u0101cija, E tips (taisnst\u016brveida)<\/li>\n<\/ul>\n<p>Jumta l\u016bkas ar nevienm\u0113r\u012bgu b\u0101zi:<\/p>\n<ul>\n<li>vienas lapas ventil\u0101cija, tips NG-A (kvadr\u0101t\u0101 \/ taisnst\u016brveida)<\/li>\n<\/ul>\n<p><strong>Funkcijas\u00a0<\/strong><\/p>\n<ul>\n<li>piek\u013cuve jumtam<\/li>\n<li>gaismas nodro\u0161in\u0101\u0161ana<\/li>\n<\/ul>\n<p><strong>Standarta tehniskais apraksts<\/strong><\/p>\n<ul>\n<li>taisna vai nevienm\u0113r\u012bga pamatne, augstums 300 mm vai 500 mm, izgatavots no cinkotas loksnes ar 1,25 mm biezumu<\/li>\n<li>b\u0101zes siltumizol\u0101cija no ciet\u0101s miner\u0101lvates, kuras biezums ir 20 mm<\/li>\n<li>pamatnes apak\u0161\u0113jai da\u013cai ir 100 mm platuma perimetrs, caur kuru pamatne ir piestiprin\u0101ta pie jumta konstrukcijas;<\/li>\n<li>v\u0113rtnes stiklojums: daudzkameru polikarbon\u0101ta panelis (10 mm \u00d7 25 mm), akrila kupols, cietais polikarbon\u0101ta kupols, BROOF (t1) klases stiklojums<\/li>\n<\/ul>\n<p><strong>Pieejamie produkta izm\u0113ri<\/strong><\/p>\n<table>\n<tbody>\n<tr>\n<th>TIPS<\/th>\n<th>MAKSIM\u0100LAIS IZM\u0112RS [mm]<\/th>\n<th>MINIM\u0100LAIS IZM\u0112RS [mm]<\/th>\n<\/tr>\n<tr>\n<td>tips C [squared]<\/td>\n<td>800&#215;800<\/td>\n<td>1400&#215;1400<\/td>\n<\/tr>\n<tr>\n<td>tips E [rectangular]<\/td>\n<td>800&#215;900<\/td>\n<td>1200&#215;1500<\/td>\n<\/tr>\n<tr>\n<td>tips NG-A [squared\/rectangular]<\/td>\n<td>1000&#215;1000<\/td>\n<td>1600&#215;1600<\/td>\n<\/tr>\n<\/tbody>\n<\/table>\n<p><\/p>","protected":false},"excerpt":{"rendered":"<p>&#8220;Mcr PROLIGHT&#8221; jumta izejas l\u016bkas ir ier\u012bces, kas \u013cauj iziet uz jumta un veikt apkopes vai remont darbus. Pareiza l\u016bkas materi\u0101la izv\u0113le \u013cauj apgaismot \u0113kas iek\u0161pusi ar dabisku gaismu.<\/p>\n","protected":false},"featured_media":940,"template":"","meta":[],"_links":{"self":[{"href":"http:\/\/mcd.mco.lv\/lv\/wp-json\/wp\/v2\/product\/939"}],"collection":[{"href":"http:\/\/mcd.mco.lv\/lv\/wp-json\/wp\/v2\/product"}],"about":[{"href":"http:\/\/mcd.mco.lv\/lv\/wp-json\/wp\/v2\/types\/product"}],"wp:featuredmedia":[{"embeddable":true,"href":"http:\/\/mcd.mco.lv\/lv\/wp-json\/wp\/v2\/media\/940"}],"wp:attachment":[{"href":"http:\/\/mcd.mco.lv\/lv\/wp-json\/wp\/v2\/media?parent=939"}],"curies":[{"name":"wp","href":"https:\/\/api.w.org\/{rel}","templated":true}]}}