{"id":942,"date":"2018-10-29T19:01:11","date_gmt":"2018-10-29T19:01:11","guid":{"rendered":"http:\/\/mercorbaltic.eu\/?post_type=product&#038;p=942"},"modified":"2018-10-31T13:16:06","modified_gmt":"2018-10-31T13:16:06","slug":"mcr-prolight-ventilacijas-atloks","status":"publish","type":"product","link":"http:\/\/mcd.mco.lv\/lv\/produkcija\/mcr-prolight-ventilacijas-atloks\/","title":{"rendered":"MCR PROLIGHT VENTIL\u0100CIJAS ATLOKS"},"content":{"rendered":"<p><strong>Ventil\u0101cijas atloku veidi:<\/strong><\/p>\n<ul>\n<li>ar taisnu pamatni, tips C, E<\/li>\n<li>ar nevienm\u0113r\u012bgu b\u0101zi, tips NG-A<\/li>\n<\/ul>\n<p><strong>Standarta tehniskais apraksts:\u00a0<\/strong><\/p>\n<ul>\n<li>taisna b\u0101ze ar augstumu 300 mm vai 500 mm, izgatavots no 1,25 mm biezas cinkotas loksnes<\/li>\n<li>b\u0101zes siltumizol\u0101cija no ciet\u0101s miner\u0101lvates, kuras biezums ir 20 mm<\/li>\n<li>lappu\u0161u stiklojums: daudzkameru polikarbon\u0101ta panelis, akrila kupols, cietais polikarbon\u0101ta kupols, virsmas panelis, daudzkameru polikarbon\u0101ta panelis un viengabala vai divu sl\u0101\u0146u akrila kupols vai ciets polikarbon\u0101ta kupols, daudzkameru polikarbon\u0101ta panelis ar alum\u012bnija aploksni un stiklojumu BROOF (t1) klase<\/li>\n<\/ul>\n<p><strong>Kontroles sist\u0113mas\u00a0<\/strong><\/p>\n<ul>\n<li>pneimatisk\u0101<\/li>\n<li>elektrisk\u0101 (230 V ~)<\/li>\n<\/ul>\n<p><strong>Pieejamie izm\u0113ri<\/strong><\/p>\n<table>\n<tbody>\n<tr>\n<th>TIPS<\/th>\n<th>MAKSIM\u0100LAIS IZM\u0112RS [mm]<\/th>\n<th>MINIM\u0100LAIS IZM\u0112RS [mm]<\/th>\n<\/tr>\n<tr>\n<td>Tips C<\/td>\n<td>800&#215;800<\/td>\n<td>2000&#215;2000<\/td>\n<\/tr>\n<tr>\n<td>Tips E<\/td>\n<td>100&#215;1200<\/td>\n<td>1600&#215;1900<\/td>\n<\/tr>\n<\/tbody>\n<\/table>\n<p><\/p>","protected":false},"excerpt":{"rendered":"<p>Ventil\u0101cijas atloku galven\u0101 funkcija ir nodro\u0161in\u0101t \u0113ku un telpu ikdienas ventil\u0101ciju. Pla\u0161s variantu un papildu apr\u012bkojuma kl\u0101sts padara m\u016bsu produktu piem\u0113rotu da\u017e\u0101du veidu \u0113k\u0101m.<\/p>\n","protected":false},"featured_media":943,"template":"","meta":[],"_links":{"self":[{"href":"http:\/\/mcd.mco.lv\/lv\/wp-json\/wp\/v2\/product\/942"}],"collection":[{"href":"http:\/\/mcd.mco.lv\/lv\/wp-json\/wp\/v2\/product"}],"about":[{"href":"http:\/\/mcd.mco.lv\/lv\/wp-json\/wp\/v2\/types\/product"}],"wp:featuredmedia":[{"embeddable":true,"href":"http:\/\/mcd.mco.lv\/lv\/wp-json\/wp\/v2\/media\/943"}],"wp:attachment":[{"href":"http:\/\/mcd.mco.lv\/lv\/wp-json\/wp\/v2\/media?parent=942"}],"curies":[{"name":"wp","href":"https:\/\/api.w.org\/{rel}","templated":true}]}}