{"id":945,"date":"2018-10-29T19:11:26","date_gmt":"2018-10-29T19:11:26","guid":{"rendered":"http:\/\/mercorbaltic.eu\/?post_type=product&#038;p=945"},"modified":"2018-10-31T13:17:30","modified_gmt":"2018-10-31T13:17:30","slug":"mcr-proroof-jumta-izejas-luka","status":"publish","type":"product","link":"http:\/\/mcd.mco.lv\/lv\/produkcija\/mcr-proroof-jumta-izejas-luka\/","title":{"rendered":"MCR PROROOF JUMTA IZEJAS L\u016aKA"},"content":{"rendered":"<p><strong>Jumta l\u016bku veidi:\u00a0<\/strong><\/p>\n<ul>\n<li>mcr Proroof LD &#8211; piek\u013cuve jumtam pa trep\u0113m<\/li>\n<li>mr Proroof ST &#8211; jumta piek\u013cuve pa k\u0101pn\u0113m<\/li>\n<\/ul>\n<p><strong>Standarta apraksts:<\/strong><\/p>\n<ul>\n<li>taisna pamatne no alum\u012bnija loksnes 2 mm biezum\u0101 un 300 mm augstum\u0101<\/li>\n<li>V\u0113rtnes atv\u0113r\u0161anas sist\u0113ma: viena vai divas g\u0101zes atsperes, fiks\u0113ts atbalsts<\/li>\n<li>V\u0113rtnes iestiklo\u0161ana: daudzkameru polikarbon\u0101ts, daudzkameru polikarbon\u0101ts ar alum\u012bnija apvalka p\u0101rsegu, cietais polikarbon\u0101ta kupols, akrila kupols, jauktais kupols (ciets polikarbon\u0101ts un akril\u0101ts), lamin\u0113ti pane\u013ci.<\/li>\n<\/ul>\n<p><strong>Pieejamie izm\u0113ri:<\/strong><\/p>\n<table>\n<tbody>\n<tr>\n<th>TIPS<\/th>\n<th>MAKSIM\u0100LAIS IZM\u0112RS [mm]<\/th>\n<th>MINIM\u0100LAIS IZM\u0112RS [mm]<\/th>\n<\/tr>\n<tr>\n<td>mcr Proroof LD<\/td>\n<td>600&#215;600<\/td>\n<td>1400&#215;1500<\/td>\n<\/tr>\n<tr>\n<td>mcr Proroof ST<\/td>\n<td>1500&#215;750<\/td>\n<td>3300&#215;750<\/td>\n<\/tr>\n<\/tbody>\n<\/table>\n<p><\/p>","protected":false},"excerpt":{"rendered":"<p>Mcr PROROOF jumta l\u016bkas ir izstr\u0101d\u0101tas, lai nodro\u0161in\u0101tu dro\u0161u, \u0101tru, vienk\u0101r\u0161u un \u0113rtu piek\u013cuvi jumtam. Konfigur\u0101cij\u0101s ar caursp\u012bd\u012bgu pild\u012bjumu, mcr PROROOF \u013cauj piek\u013c\u016bt papildus dienasgaismai telp\u0101s.<\/p>\n","protected":false},"featured_media":946,"template":"","meta":[],"_links":{"self":[{"href":"http:\/\/mcd.mco.lv\/lv\/wp-json\/wp\/v2\/product\/945"}],"collection":[{"href":"http:\/\/mcd.mco.lv\/lv\/wp-json\/wp\/v2\/product"}],"about":[{"href":"http:\/\/mcd.mco.lv\/lv\/wp-json\/wp\/v2\/types\/product"}],"wp:featuredmedia":[{"embeddable":true,"href":"http:\/\/mcd.mco.lv\/lv\/wp-json\/wp\/v2\/media\/946"}],"wp:attachment":[{"href":"http:\/\/mcd.mco.lv\/lv\/wp-json\/wp\/v2\/media?parent=945"}],"curies":[{"name":"wp","href":"https:\/\/api.w.org\/{rel}","templated":true}]}}