{"id":972,"date":"2018-10-31T13:25:29","date_gmt":"2018-10-31T13:25:29","guid":{"rendered":"http:\/\/mcd.mco.lv\/?post_type=product&#038;p=972"},"modified":"2018-10-31T13:30:22","modified_gmt":"2018-10-31T13:30:22","slug":"mcr-ps-ugunsdrosi-integreta-manzete","status":"publish","type":"product","link":"http:\/\/mcd.mco.lv\/lv\/produkcija\/mcr-ps-ugunsdrosi-integreta-manzete\/","title":{"rendered":"MCR PS &#8211; UGUNSDRO\u0160I INTEGR\u0112TA MAN\u017dETE"},"content":{"rendered":"<p>ITB tehniskais apstiprin\u0101jums AT-15-8173 \/ 2010 + pielikumi 1,2,3<br \/>\nAtbilst\u012bbas sertifik\u0101ts ITB-1990 \/ W<br \/>\nAtbilst\u012bbas deklar\u0101cija DZ \/ 4\/2015, dat\u0113ta 2016. gada 5. oktobr\u012b<br \/>\nUgunsiztur\u012bbas klase l\u012bdz EI 120.<\/p>\n<p>mcr PS ugunsdro\u0161\u0101s man\u017eetes ietver \u0101r\u0113jo v\u0101ku, kas izgatavots no t\u0113rauda loksnes, un elast\u012bgiem ielikt\u0146iem no termoplastmasas elementiem, kas satur izklied\u0113tu graf\u012btu, pievienojot pildvielas un tehnolo\u0123isk\u0101s e\u013c\u013cas. Ugunsdro\u0161\u0101s man\u017eetes aizpilda izdegu\u0161o materiala atv\u0113rumu pie temperat\u016bras kas ir virs 140\u00b0C.<\/p>","protected":false},"excerpt":{"rendered":"<p>MKR PS man\u017eetes tiek izmantotas ugunsdro\u0161\u012bb\u0101: T\u0101s uzst\u0101da uz uzliesmojo\u0161\u0101m caurul\u0113m l\u012bdz \u00d8250 mm, uzliesmojo\u0161\u0101m caurul\u0113m ar uzliesmojo\u0161u izol\u0101ciju l\u012bdz \u00d8250 mm, neuzliesmojo\u0161\u0101m caurul\u0113m ar uzliesmojo\u0161u izol\u0101ciju l\u012bdz \u00d8 160 mm un uzliesmojo\u0161\u0101m caurul\u0113m kombin\u0113taj\u0101s mezglu viet\u0101s.<\/p>\n","protected":false},"featured_media":973,"template":"","meta":[],"_links":{"self":[{"href":"http:\/\/mcd.mco.lv\/lv\/wp-json\/wp\/v2\/product\/972"}],"collection":[{"href":"http:\/\/mcd.mco.lv\/lv\/wp-json\/wp\/v2\/product"}],"about":[{"href":"http:\/\/mcd.mco.lv\/lv\/wp-json\/wp\/v2\/types\/product"}],"wp:featuredmedia":[{"embeddable":true,"href":"http:\/\/mcd.mco.lv\/lv\/wp-json\/wp\/v2\/media\/973"}],"wp:attachment":[{"href":"http:\/\/mcd.mco.lv\/lv\/wp-json\/wp\/v2\/media?parent=972"}],"curies":[{"name":"wp","href":"https:\/\/api.w.org\/{rel}","templated":true}]}}