{"id":99,"date":"2013-06-07T11:38:12","date_gmt":"2013-06-07T11:38:12","guid":{"rendered":"http:\/\/demo.woothemes.com\/woocommerce\/?post_type=product&#038;p=99"},"modified":"2018-10-29T20:42:25","modified_gmt":"2018-10-29T20:42:25","slug":"mcr-prolight-point-flap","status":"publish","type":"product","link":"http:\/\/mcd.mco.lv\/lv\/produkcija\/mcr-prolight-point-flap\/","title":{"rendered":"MCR PROLIGHT POINT FLAP"},"content":{"rendered":"<p><strong>D\u016bmu l\u016bku veidi<\/strong><\/p>\n<p>Ar vienk\u0101r\u0161u pamatu:<\/p>\n<ul>\n<li>vienviru tipa C (kvadr\u0101tveida)<\/li>\n<li>vienviru tipa E (taisnst\u016brveida)<\/li>\n<li>divviru DVP (kvadr\u0101tveida \/ taisnst\u016brveida)<\/li>\n<\/ul>\n<p>Ar sl\u012bpu b\u0101zi:<\/p>\n<ul>\n<li>vienviru tips NG-A (kvadr\u0101tveida \/ taisnst\u016brveida)<\/li>\n<li>divviru tipa DVPS (kvadr\u0101tveida \/ taisnst\u016brveida)<\/li>\n<\/ul>\n<p><strong>Pieejamie izm\u0113ri<\/strong><\/p>\n<table>\n<tbody>\n<tr>\n<th>L\u016aKAS TIPS<\/th>\n<th>MINIM\u0100LIE IZM\u0112RI [mm]<\/th>\n<th>MAXIM\u0100LIE IZM\u0112RI [mm]<\/th>\n<\/tr>\n<tr>\n<td>TYPE C<\/td>\n<td>1000 x 1000<\/td>\n<td>2000 x 2000<\/td>\n<\/tr>\n<tr>\n<td>TYPE E<\/td>\n<td>1000 x 1200<\/td>\n<td>2000 x 2500<\/td>\n<\/tr>\n<tr>\n<td>DVP \/ DVPS TYPE<\/td>\n<td>1200 x 2500<\/td>\n<td>3000 x 3000<\/td>\n<\/tr>\n<tr>\n<td>NG-A TYPE<\/td>\n<td>1000 x 1000<\/td>\n<td>2200 x 2200<\/td>\n<\/tr>\n<\/tbody>\n<\/table>\n<p><\/p>","protected":false},"excerpt":{"rendered":"<p>D\u016bmu izvades l\u016bkas mcr PROLIGHT un mcr PROLIGHT l\u016bkas ar iesp\u0113ju iziet uz jumta. \u0160\u012bs l\u016bkas izmanto plakanajos un sl\u012bpajos jumtos. K\u0101 piem\u0113ram da\u017e\u0101da veida \u0113k\u0101s: ra\u017eo\u0161anas un noliktavu telp\u0101s, lo\u0123istikas centros, sabiedrisk\u0101s \u0113k\u0101s, komerc un servisa \u0113kas, k\u0101 ar\u012b dz\u012bvojamaj\u0101s m\u0101j\u0101s.<\/p>\n","protected":false},"featured_media":713,"template":"","meta":[],"_links":{"self":[{"href":"http:\/\/mcd.mco.lv\/lv\/wp-json\/wp\/v2\/product\/99"}],"collection":[{"href":"http:\/\/mcd.mco.lv\/lv\/wp-json\/wp\/v2\/product"}],"about":[{"href":"http:\/\/mcd.mco.lv\/lv\/wp-json\/wp\/v2\/types\/product"}],"wp:featuredmedia":[{"embeddable":true,"href":"http:\/\/mcd.mco.lv\/lv\/wp-json\/wp\/v2\/media\/713"}],"wp:attachment":[{"href":"http:\/\/mcd.mco.lv\/lv\/wp-json\/wp\/v2\/media?parent=99"}],"curies":[{"name":"wp","href":"https:\/\/api.w.org\/{rel}","templated":true}]}}