{"id":990,"date":"2018-11-24T12:12:11","date_gmt":"2018-11-24T12:12:11","guid":{"rendered":"http:\/\/mcd.mco.lv\/?post_type=product&#038;p=990"},"modified":"2018-11-24T12:16:40","modified_gmt":"2018-11-24T12:16:40","slug":"mcr-j-flo-visaptverosa-garazas-ventilacijas-sistema","status":"publish","type":"product","link":"http:\/\/mcd.mco.lv\/lv\/produkcija\/mcr-j-flo-visaptverosa-garazas-ventilacijas-sistema\/","title":{"rendered":"MCR J-FLO \u2013 VISAPTVERO\u0160A GAR\u0100\u017dAS VENTIL\u0100CIJAS SIST\u0112MA"},"content":{"rendered":"<p><\/p>\n<p><strong>MCR j-FLO gar\u0101\u017eu reakt\u012bv\u0101 ventil\u0101cijas sist\u0113ma sast\u0101v no:<\/strong><\/p>\n<ul>\n<li>galvenie piepl\u016bdes un izpl\u016bdes ventilatori (piem\u0113ram, mcr Monsun, mcr Pasat un mcr Monsun R) ar ugunsiztur\u012bbu F200, F300, F400, F600 (vienvirziena vai atgriezeniska)<\/li>\n<li>mcr Bora reakt\u012bvie ventilatori ar ugunsiztur\u012bbu F200, F300, F400 (vienvirziena vai atgriezeniska)<\/li>\n<li>mcr Omega tipa t\u012bkla vad\u012bba un sist\u0113mas sast\u0101vda\u013cu vad\u012bbas ier\u012bces<\/li>\n<li>ugunsdro&scaron;\u012bbas ventil\u0101cijas sist\u0113mas (piem., mcr FID S, mcr WIP, mcr WIP PRO)<\/li>\n<li>str\u0101vas vadi, kabe\u013cu balstiek\u0101rtas, elektroinstal\u0101cijas piederumi<\/li>\n<li>CO, LPG un d\u016bmu noteik&scaron;anas sist\u0113mas sast\u0101vda\u013cas<\/li>\n<\/ul>\n<p>Sist\u0113mas konfigur\u0101cija un sast\u0101vda\u013cu skaits ir atkar\u012bgs no aizsarg\u0101t\u0101 gar\u0101\u017eas virsmas, augstuma, pras\u012bb\u0101m, konstrukcijas un atra&scaron;an\u0101s vietas.<\/p>\n<p><strong>Stipr\u0101 puse:<\/strong><\/p>\n<ul>\n<li>str\u0101d\u0101 gan ugunsdro&scaron;\u012bbas ventil\u0101cijas sist\u0113m\u0101s, gan telpu ventil\u0101cijas sist\u0113m\u0101s<\/li>\n<li>darb\u012bbas izmaksu samazin\u0101&scaron;ana sakar\u0101 ar ventilatoru zem\u0101ku jaudu<\/li>\n<li>nav d\u016bmu izvad\u012b&scaron;anas kan\u0101lu, kas nodro&scaron;ina br\u012bvu griestu telpu<\/li>\n<li>zem\u0101kas reakt\u012bv\u0101s sist\u0113mas izmaksas sal\u012bdzin\u0101jum\u0101 ar tradicion\u0101lajiem d\u016bmg\u0101zu izme&scaron;iem &#8211; viegli identific\u0113t uguns avotu<\/li>\n<li>uguns g\u0101zu temperat\u016bras pazemin\u0101&scaron;ana, k\u0101 rezult\u0101t\u0101 samazin\u0101s zaud\u0113jumi p\u0113c ugunsgr\u0113ka \u0113k\u0101<\/li>\n<\/ul>\n<p><\/p>","protected":false},"excerpt":{"rendered":"<p>Pazemes Gar\u0101\u017eu ventil\u0101cijas sist\u0113mas ir paredz\u0113tas, lai izklied\u0113tu pied\u016bmojumu, t\u0101 ir alternat\u012bva tradicion\u0101lajai kan\u0101lu ventil\u0101cijas sist\u0113mai.<\/p>\n","protected":false},"featured_media":991,"template":"","meta":[],"_links":{"self":[{"href":"http:\/\/mcd.mco.lv\/lv\/wp-json\/wp\/v2\/product\/990"}],"collection":[{"href":"http:\/\/mcd.mco.lv\/lv\/wp-json\/wp\/v2\/product"}],"about":[{"href":"http:\/\/mcd.mco.lv\/lv\/wp-json\/wp\/v2\/types\/product"}],"wp:featuredmedia":[{"embeddable":true,"href":"http:\/\/mcd.mco.lv\/lv\/wp-json\/wp\/v2\/media\/991"}],"wp:attachment":[{"href":"http:\/\/mcd.mco.lv\/lv\/wp-json\/wp\/v2\/media?parent=990"}],"curies":[{"name":"wp","href":"https:\/\/api.w.org\/{rel}","templated":true}]}}