{"id":52,"date":"2017-09-20T07:18:54","date_gmt":"2017-09-20T07:18:54","guid":{"rendered":"http:\/\/tonatheme.com\/newwp\/builderhub\/?page_id=52"},"modified":"2018-10-30T13:10:02","modified_gmt":"2018-10-30T13:10:02","slug":"kontakti","status":"publish","type":"page","link":"http:\/\/mcd.mco.lv\/ru\/kontakti\/","title":{"rendered":"\u041a\u043e\u043d\u0442\u0430\u043a\u0442\u044b"},"content":{"rendered":"<p><section class=\"kc-elm kc-css-715437 kc_row\"><div class=\"kc-row-container  kc-container\"><div class=\"kc-wrap-columns\"><div class=\"kc-elm kc-css-447368 kc_col-sm-12 kc_column kc_col-sm-12\"><div class=\"kc-col-container\"><!--Contact Section-->\n<section class=\"contact-section\">\n    <div class=\"auto-container\">\n        <!--Sec Title-->\n        <div class=\"sec-title centered\">\n                                        <div class=\"text\"> \u041e\u0442\u043f\u0440\u0430\u0432\u044c\u0442\u0435 \u043d\u0430\u043c \u044d\u043b\u0435\u043a\u0442\u0440\u043e\u043d\u043d\u043e\u0435 \u043f\u0438\u0441\u044c\u043c\u043e, \u0438 \u043c\u044b \u0441\u0432\u044f\u0436\u0435\u043c\u0441\u044f \u0441 \u0432\u0430\u043c\u0438 \u0432 \u0431\u043b\u0438\u0436\u0430\u0439\u0448\u0435\u0435 \u0432\u0440\u0435\u043c\u044f.<\/div>\n                    <\/div>\n\n        <div class=\"row clearfix\">\n            <!--Info Column-->\n            <div class=\"info-column col-md-6 col-sm-12 col-xs-12\">\n                \n                                    <div class=\"image\">\n                        <iframe src=\"https:\/\/www.google.com\/maps\/embed?pb=!1m18!1m12!1m3!1d2175.552914103416!2d24.15269791536239!3d56.95646080598451!2m3!1f0!2f0!3f0!3m2!1i1024!2i768!4f13.1!3m3!1m2!1s0x46eece3841b9b989%3A0x8c9ce5482ed42553!2zSsSBxYZhIEFzYXJhIGllbGEgMTMsIExhdGdhbGVzIHByaWVrxaFwaWxzxJN0YSwgUsSrZ2EsIExWLTEwMDk!5e0!3m2!1sru!2slv!4v1466450023869\" width=\"100%\" height=\"320\" frameborder=\"0\" style=\"border:0\" allowfullscreen><\/iframe>\n                    <\/div>\n                \n                \n                <div class=\"row clearfix\">\n                    \n                                            <!--Info Block-->\n                        <div class=\"info-block col-md-6 col-sm-6 col-xs-12\">\n                            <div class=\"info-inner\">\n                                <div class=\"icon-box\">\n                                    <span class=\"icon flaticon-maps-and-flags\"><\/span>\n                                <\/div>\n                                <h3>\u0410\u0434\u0440\u0435\u0441:<\/h3>\n                                <div class=\"text\">J\u0101\u0146a Asara 13, R\u012bga, Latvija<\/div>\n                            <\/div>\n                        <\/div>\n                                            \n                                            <!--Info Block-->\n                        <div class=\"info-block col-md-6 col-sm-6 col-xs-12\">\n                            <div class=\"info-inner\">\n                                <div class=\"icon-box\">\n                                    <span class=\"icon flaticon-technology-2\"><\/span>\n                                <\/div>\n                                <h3>\u0422\u0435\u043b\u0435\u0444\u043e\u043d:<\/h3>\n                                <div class=\"text\">+371 25660980<\/div>\n                            <\/div>\n                        <\/div>\n                                        \n                                            <!--Info Block-->\n                        <div class=\"info-block col-md-6 col-sm-6 col-xs-12\">\n                            <div class=\"info-inner\">\n                                <div class=\"icon-box\">\n                                    <span class=\"icon flaticon-web\"><\/span>\n                                <\/div>\n                                <h3>\u042d-\u043f\u043e\u0447\u0442\u0430:<\/h3>\n                                <div class=\"text\">info@mco.lv<\/div>\n                            <\/div>\n                        <\/div>\n                                        \n                                            <!--Info Block-->\n                        <div class=\"info-block col-md-6 col-sm-6 col-xs-12\">\n                            <div class=\"info-inner\">\n                                <div class=\"icon-box\">\n                                    <span class=\"icon flaticon-big-circular-clock\"><\/span>\n                                <\/div>\n                                <h3>\u0412\u0440\u0435\u043c\u044f \u0440\u0430\u0431\u043e\u0442\u044b:<\/h3>\n                                <div class=\"text\">\u041f\u043d. - \u0421\u0431. 9.00 - 17.00<\/div>\n                            <\/div>\n                        <\/div>\n                    \n                <\/div>\n            <\/div>\n            <!--Form Column-->\n            <div class=\"form-column col-md-6 col-sm-12 col-xs-12\">\n                <div class=\"inner-column\">\n\n                    <!-- Contact Form -->\n                    <div class=\"contact-form\">\n                        <!--Comment Form-->\n                        <!--Comment Form-->\n                        \n                            <div role=\"form\" class=\"wpcf7\" id=\"wpcf7-f857-o3\" lang=\"en-US\" dir=\"ltr\">\n<div class=\"screen-reader-response\"><\/div>\n<form action=\"\/ru\/wp-json\/wp\/v2\/pages\/52#wpcf7-f857-o3\" method=\"post\" class=\"wpcf7-form\" novalidate=\"novalidate\">\n<div style=\"display: none;\">\n<input type=\"hidden\" name=\"_wpcf7\" value=\"857\" \/>\n<input type=\"hidden\" name=\"_wpcf7_version\" value=\"5.0.4\" \/>\n<input type=\"hidden\" name=\"_wpcf7_locale\" value=\"en_US\" \/>\n<input type=\"hidden\" name=\"_wpcf7_unit_tag\" value=\"wpcf7-f857-o3\" \/>\n<input type=\"hidden\" name=\"_wpcf7_container_post\" value=\"0\" \/>\n<\/div>\n<div class=\"row clearfix\">\n<div class=\"col-md-6 col-sm-6 col-xs-12 form-group\"><span class=\"wpcf7-form-control-wrap your-name\"><input type=\"text\" name=\"your-name\" value=\"\" size=\"40\" class=\"wpcf7-form-control wpcf7-text wpcf7-validates-as-required\" aria-required=\"true\" aria-invalid=\"false\" placeholder=\"\u0412\u0430\u0448\u0435 \u0438\u043c\u044f\" \/><\/span><\/div>\n<div class=\"col-md-6 col-sm-6 col-xs-12 form-group\"><span class=\"wpcf7-form-control-wrap your-email\"><input type=\"email\" name=\"your-email\" value=\"\" size=\"40\" class=\"wpcf7-form-control wpcf7-text wpcf7-email wpcf7-validates-as-required wpcf7-validates-as-email\" aria-required=\"true\" aria-invalid=\"false\" placeholder=\"\u0412\u0430\u0448\u0430 \u044d-\u043f\u043e\u0447\u0442\u0430\" \/><\/span><\/div>\n<div class=\"col-md-6 col-sm-6 col-xs-12 form-group\"><span class=\"wpcf7-form-control-wrap your-phone\"><input type=\"number\" name=\"your-phone\" value=\"\" class=\"wpcf7-form-control wpcf7-number wpcf7-validates-as-required wpcf7-validates-as-number\" aria-required=\"true\" aria-invalid=\"false\" placeholder=\"\u0412\u0430\u0448 \u0442\u0435\u043b\u0435\u0444\u043e\u043d\" \/><\/span><\/div>\n<div class=\"col-md-6 col-sm-6 col-xs-12 form-group\"><span class=\"wpcf7-form-control-wrap your-subject\"><input type=\"text\" name=\"your-subject\" value=\"\" size=\"40\" class=\"wpcf7-form-control wpcf7-text wpcf7-validates-as-required\" aria-required=\"true\" aria-invalid=\"false\" placeholder=\"\u0422\u0435\u043c\u0430\" \/><\/span><\/div>\n<div class=\"col-lg-12 col-md-12 col-sm-12 col-xs-12 form-group\"><span class=\"wpcf7-form-control-wrap your-message\"><textarea name=\"your-message\" cols=\"40\" rows=\"10\" class=\"wpcf7-form-control wpcf7-textarea\" aria-invalid=\"false\" placeholder=\"\u0412\u0430\u0448\u0435 \u0441\u043e\u043e\u0431\u0449\u0435\u043d\u0438\u0435...\"><\/textarea><\/span><\/div>\n<div class=\"col-lg-12 col-md-12 col-sm-12 col-xs-12 form-group\">\n<div class=\"wpcf7-form-control-wrap\"><div data-sitekey=\"6LelI8YnAAAAALdZeVgQquWKks7Mu6uqcHJH2MYR\" class=\"wpcf7-form-control g-recaptcha wpcf7-recaptcha\"><\/div>\n<noscript>\n\t<div style=\"width: 302px; height: 422px;\">\n\t\t<div style=\"width: 302px; height: 422px; position: relative;\">\n\t\t\t<div style=\"width: 302px; height: 422px; position: absolute;\">\n\t\t\t\t<iframe src=\"https:\/\/www.google.com\/recaptcha\/api\/fallback?k=6LelI8YnAAAAALdZeVgQquWKks7Mu6uqcHJH2MYR\" frameborder=\"0\" scrolling=\"no\" style=\"width: 302px; height:422px; border-style: none;\">\n\t\t\t\t<\/iframe>\n\t\t\t<\/div>\n\t\t\t<div style=\"width: 300px; height: 60px; border-style: none; bottom: 12px; left: 25px; margin: 0px; padding: 0px; right: 25px; background: #f9f9f9; border: 1px solid #c1c1c1; border-radius: 3px;\">\n\t\t\t\t<textarea id=\"g-recaptcha-response\" name=\"g-recaptcha-response\" class=\"g-recaptcha-response\" style=\"width: 250px; height: 40px; border: 1px solid #c1c1c1; margin: 10px 25px; padding: 0px; resize: none;\">\n\t\t\t\t<\/textarea>\n\t\t\t<\/div>\n\t\t<\/div>\n\t<\/div>\n<\/noscript>\n<\/div>\n<\/div>\n<div class=\"col-lg-12 col-md-12 col-sm-12 col-xs-12 form-group\"><input type=\"submit\" value=\"\u041e\u0442\u043f\u0440\u0430\u0432\u0438\u0442\u044c\" class=\"wpcf7-form-control wpcf7-submit theme-btn btn-style-one\" \/><\/div>\n<\/div>\n<div class=\"wpcf7-response-output wpcf7-display-none\"><\/div><\/form><\/div>\n                        \n                    <\/div>\n                    <!--End Comment Form -->\n\n                <\/div>\n            <\/div>\n        <\/div>\n\n    <\/div>\n<\/section>\n<!--End Contact Section-->\n<\/div><\/div><\/div><\/div><\/section><section class=\"kc-elm kc-css-627295 kc_row\"><div class=\"kc-row-container\"><div class=\"kc-wrap-columns\"><div class=\"kc-elm kc-css-971705 kc_col-sm-12 kc_column kc_col-sm-12\"><div class=\"kc-col-container\"><!--Map Section-->\n<section class=\"map-section\">\n\t<!--Map Outer-->\n\t<div class=\"map-outer\">\n\t\t<div class=\"google-map\" \n\t\t\tid=\"contact-google-map\" \n\t\t\tdata-map-lat=\"44.231172\" \n\t\t\tdata-map-lng=\"-76.485954\" \n\t\t\tdata-icon-path=\"http:\/\/mcd.mco.lv\/wp-content\/uploads\/2017\/09\/map-marker.png\" \n\t\t\tdata-map-title=\"&lt;h4&gt;Branch Office&lt;\/h4&gt;&lt;p&gt;4\/99 Alabama, USA&lt;\/p&gt;\" \n\t\t\tdata-map-zoom=\"12\" \n\t\t\tdata-markers='{\n\t\t\t\t\"marker-2\": [44.231172, -76.485954, \"&lt;h4&gt;Branch Office&lt;\/h4&gt;&lt;p&gt;4\/99 Alabama, USA&lt;\/p&gt;\"],\n\t\t\t\t\"marker-4\": [40.880550, -77.393705, \"&lt;h4&gt;Branch Office&lt;\/h4&gt;&lt;p&gt;4\/99 Pennsylvania, USA&lt;\/p&gt;\"]\n\t\t\t}'>\n\n\t\t<\/div>\n\t<\/div>\n<\/section>\n<!--End Map Section--><\/div><\/div><\/div><\/div><\/section><\/p>","protected":false},"excerpt":{"rendered":"","protected":false},"author":1,"featured_media":0,"parent":0,"menu_order":0,"comment_status":"closed","ping_status":"closed","template":"tpl-king_composer.php","meta":[],"_links":{"self":[{"href":"http:\/\/mcd.mco.lv\/ru\/wp-json\/wp\/v2\/pages\/52"}],"collection":[{"href":"http:\/\/mcd.mco.lv\/ru\/wp-json\/wp\/v2\/pages"}],"about":[{"href":"http:\/\/mcd.mco.lv\/ru\/wp-json\/wp\/v2\/types\/page"}],"author":[{"embeddable":true,"href":"http:\/\/mcd.mco.lv\/ru\/wp-json\/wp\/v2\/users\/1"}],"replies":[{"embeddable":true,"href":"http:\/\/mcd.mco.lv\/ru\/wp-json\/wp\/v2\/comments?post=52"}],"version-history":[{"count":40,"href":"http:\/\/mcd.mco.lv\/ru\/wp-json\/wp\/v2\/pages\/52\/revisions"}],"predecessor-version":[{"id":970,"href":"http:\/\/mcd.mco.lv\/ru\/wp-json\/wp\/v2\/pages\/52\/revisions\/970"}],"wp:attachment":[{"href":"http:\/\/mcd.mco.lv\/ru\/wp-json\/wp\/v2\/media?parent=52"}],"curies":[{"name":"wp","href":"https:\/\/api.w.org\/{rel}","templated":true}]}}