{"id":930,"date":"2018-10-29T13:34:07","date_gmt":"2018-10-29T13:34:07","guid":{"rendered":"http:\/\/mercorbaltic.eu\/?post_type=product&#038;p=930"},"modified":"2018-10-29T13:42:33","modified_gmt":"2018-10-29T13:42:33","slug":"mcr-lam-n-louvered-gaisa-iepludes-atvere","status":"publish","type":"product","link":"http:\/\/mcd.mco.lv\/ru\/produkcija\/mcr-lam-n-louvered-gaisa-iepludes-atvere\/","title":{"rendered":"MCR LAM-N LOUVERED GAISA IEPL\u016aDES ATVERE"},"content":{"rendered":"<p><strong>Standarta tehniskais apraksts\u00a0<\/strong><\/p>\n<ul>\n<li>augstums 150-250mm, izgatavots no cinkotas loksnes ar biezumu 1,25 mm vai no alum\u012bnija loksnes biezums 2 mm (AlMg3 pak\u0101pe),<\/li>\n<li>biezas 20 mm biezas ciet\u0101s miner\u0101lvates pamatnes siltumizol\u0101cija; siltuma caurlaid\u012bbas koeficients U = 1,41 W \/ m2K,<\/li>\n<li>v\u0113rtnes stiklojums: PCA 16 mm daudzkameru polikarbon\u0101ta panelis, neizol\u0113tas alum\u012bnija loksnes (necaursp\u012bd\u012bgs stiklojums &#8212; SO), alum\u012bnija loksnes, kas izol\u0113tas ar XPS pane\u013cu. 20 mm (stikla stiklojums ar SO + XPS)<\/li>\n<li>atloka l\u0101psti\u0146u atv\u0113r\u0161anas le\u0146\u0137is 90 \u00b0<\/li>\n<\/ul>\n<p><strong>Kontroles sist\u0113mas\u00a0<\/strong><\/p>\n<ul>\n<li>pneimatiskais<\/li>\n<li>elektrisk\u0101 (24V-)<\/li>\n<\/ul>\n<table>\n<tbody>\n<tr>\n<th>L\u0100PSTI\u0145U TIPS<\/th>\n<th>MINIM\u0100LAIS IZM\u0112RS<\/th>\n<th>MAKSIM\u0100LAIS IZM\u0112RS<\/th>\n<\/tr>\n<tr>\n<td>mcr LAM-N<\/td>\n<td>800&#215;500 [mm]<\/td>\n<td>3800&#215;2500 [mm]<\/td>\n<\/tr>\n<\/tbody>\n<\/table>\n<p><\/p>","protected":false},"excerpt":{"rendered":"<p>MCR LAM-N louvered gaisa iepl\u016bdes atveres ir viens no gravit\u0101tes izpl\u016bdes sist\u0113mas galvenajiem elementiem, k\u0101 autom\u0101tiska ier\u012bce saska\u0146\u0101 ar standartu PN-EN 12101-2<\/p>\n","protected":false},"featured_media":932,"template":"","meta":[],"_links":{"self":[{"href":"http:\/\/mcd.mco.lv\/ru\/wp-json\/wp\/v2\/product\/930"}],"collection":[{"href":"http:\/\/mcd.mco.lv\/ru\/wp-json\/wp\/v2\/product"}],"about":[{"href":"http:\/\/mcd.mco.lv\/ru\/wp-json\/wp\/v2\/types\/product"}],"wp:featuredmedia":[{"embeddable":true,"href":"http:\/\/mcd.mco.lv\/ru\/wp-json\/wp\/v2\/media\/932"}],"wp:attachment":[{"href":"http:\/\/mcd.mco.lv\/ru\/wp-json\/wp\/v2\/media?parent=930"}],"curies":[{"name":"wp","href":"https:\/\/api.w.org\/{rel}","templated":true}]}}