{"id":974,"date":"2018-10-31T13:31:31","date_gmt":"2018-10-31T13:31:31","guid":{"rendered":"http:\/\/mcd.mco.lv\/?post_type=product&#038;p=974"},"modified":"2018-10-31T13:34:08","modified_gmt":"2018-10-31T13:34:08","slug":"mcr-ps-25-ugunsrosa-lente","status":"publish","type":"product","link":"http:\/\/mcd.mco.lv\/ru\/produkcija\/mcr-ps-25-ugunsrosa-lente\/","title":{"rendered":"MCR PS-25 &#8212; UGUNSRO\u0160A LENTE"},"content":{"rendered":"<p>ITB tehniskais apstiprin\u0101jums AT-15-8173 \/ 2010 + 1. un 2. papildin\u0101jums<br \/>\nAtbilst\u012bbas sertifik\u0101ts ITB-1990 \/ W<br \/>\nAtbilst\u012bbas deklar\u0101cija DZ \/ 5\/2015, dat\u0113ta 2016. gada 5. oktobr\u012b<br \/>\nUgunsnotur\u012bbas klase l\u012bdz EI 120.<\/p>\n<p>MCR PS-25 ugunsdro\u0161\u0101 lente sast\u0101v no elast\u012bga termoplastiska materi\u0101la lent\u0113m, kas satur izklied\u0113tu graf\u012btu, pievienojot pildvielas un tehnolo\u0123isk\u0101s e\u013c\u013cas. MCR PS-25 uzbriest virs 140 \u00b0 C un aizpilda atveri, ko izraisa sadedzin\u0101tais materi\u0101ls.<\/p>","protected":false},"excerpt":{"rendered":"<p>mcr PS-25 lente ir paredz\u0113ta aizdarin\u0101t ugunsnedro\u0161u cauru\u013ci l\u012bdz \u00d8250 mm, k\u0101 ar\u012b aizdarin\u0101t uzliesmojo\u0161\u0101s caurules kombin\u0113tajos mezglos.<\/p>\n","protected":false},"featured_media":975,"template":"","meta":[],"_links":{"self":[{"href":"http:\/\/mcd.mco.lv\/ru\/wp-json\/wp\/v2\/product\/974"}],"collection":[{"href":"http:\/\/mcd.mco.lv\/ru\/wp-json\/wp\/v2\/product"}],"about":[{"href":"http:\/\/mcd.mco.lv\/ru\/wp-json\/wp\/v2\/types\/product"}],"wp:featuredmedia":[{"embeddable":true,"href":"http:\/\/mcd.mco.lv\/ru\/wp-json\/wp\/v2\/media\/975"}],"wp:attachment":[{"href":"http:\/\/mcd.mco.lv\/ru\/wp-json\/wp\/v2\/media?parent=974"}],"curies":[{"name":"wp","href":"https:\/\/api.w.org\/{rel}","templated":true}]}}