{"id":976,"date":"2018-10-31T13:39:31","date_gmt":"2018-10-31T13:39:31","guid":{"rendered":"http:\/\/mcd.mco.lv\/?post_type=product&#038;p=976"},"modified":"2018-10-31T13:49:39","modified_gmt":"2018-10-31T13:49:39","slug":"mcr-prosmoke-automatiskie-dumu-aizkari","status":"publish","type":"product","link":"http:\/\/mcd.mco.lv\/ru\/produkcija\/mcr-prosmoke-automatiskie-dumu-aizkari\/","title":{"rendered":"MCR PROSMOKE AUTOM\u0100TISKIE D\u016aMU AIZKARI"},"content":{"rendered":"<p><strong>Aizkaru veidi:<\/strong><\/p>\n<ul>\n<li>Prosmoke FS \u2013 izritin\u0101s ar gravit\u0101cijas pal\u012bdz\u012bbu<\/li>\n<li>Prosmoke CE \u2013 izritin\u0101s ar motora pal\u012bdz\u012bbu<\/li>\n<\/ul>\n<table>\n<colgroup>\n<col \/>\n<col \/>\n<col \/>\n\t<\/colgroup>\n<tbody>\n<tr>\n<th colspan=\"3\">Parametri mcr PROSMOKE CE \/ FS aizkaram<\/th>\n<\/tr>\n<tr>\n<th>parametri<\/th>\n<th>mcr PROSMOKE CE<\/th>\n<th>mcr PROSMOKE FS<\/th>\n<\/tr>\n<tr>\n<td>\n<p>Izritin\u0101&scaron;an\u0101s veids<\/p>\n<\/td>\n<td>\n<p align=\"center\">motors<\/p>\n<\/td>\n<td>\n<p align=\"center\">gravit\u0101cijas<\/p>\n<\/td>\n<\/tr>\n<tr>\n<td>\n<p>Maksim\u0101lais modu\u013cu skaits<\/p>\n<\/td>\n<td>\n<p align=\"center\">10 gab.<\/p>\n<\/td>\n<td>\n<p align=\"center\">14 gab.<\/p>\n<\/td>\n<\/tr>\n<tr>\n<td>\n<p>Minim\u0101lais modu\u013ca platums<\/p>\n<\/td>\n<td>\n<p align=\"center\">0.8 m<\/p>\n<\/td>\n<td>\n<p align=\"center\">2.0 m<\/p>\n<\/td>\n<\/tr>\n<tr>\n<td>\n<p>Aizkaru augstuma diapazons<\/p>\n<\/td>\n<td>\n<p align=\"center\">0.5 m &divide; 6.5 m<\/p>\n<\/td>\n<td>\n<p align=\"center\">0.5 m &divide; 6.5 m<\/p>\n<\/td>\n<\/tr>\n<tr>\n<td>\n<p>Maksim\u0101lais ener\u0123ijas pat\u0113ri\u0146&scaron; 24V-<\/p>\n<\/td>\n<td>\n<p align=\"center\">4A<\/p>\n<\/td>\n<td>\n<p align=\"center\">0.25 A<\/p>\n<\/td>\n<\/tr>\n<tr>\n<td>\n<p>\n\t\t\tIztur\u012bba pret augsto temperat\u016bru<\/p>\n<\/td>\n<td>\n<p align=\"center\">D30, D60, DH30, DH60<\/p>\n<\/td>\n<td>\n<p align=\"center\">D30 &divide; D180<\/p>\n<\/td>\n<\/tr>\n<tr>\n<td>\n<p>Le\u0146\u0137veida savienojumi<\/p>\n<\/td>\n<td>\n<p align=\"center\">J\u0101<\/p>\n<\/td>\n<td>\n<p align=\"center\">J\u0101<\/p>\n<\/td>\n<\/tr>\n<\/tbody>\n<\/table>\n<p><\/p>","protected":false},"excerpt":{"rendered":"<p>D\u016bmu aizkari ir viens no gravit\u0101cijas d\u016bmu novad\u012b\u0161anas sist\u0113mas elementiem. Vi\u0146u galvenais uzdevums ir nodal\u012bt d\u016bmu zonas \u0113k\u0101. Savuk\u0101rt d\u016bmu zonas apst\u0101dina nekontrol\u0113tu d\u016bmu izplat\u012b\u0161anos, kas \u013cauj saglab\u0101t d\u016bmu sl\u0101ni telp\u0101 virs gr\u012bdas. Pareizi izstr\u0101d\u0101ti un uzst\u0101d\u012bti d\u016bmu aizkari optimiz\u0113 d\u016bmu pl\u016bsmu un virza to uz d\u016bmu atver\u0113m.<\/p>\n","protected":false},"featured_media":977,"template":"","meta":[],"_links":{"self":[{"href":"http:\/\/mcd.mco.lv\/ru\/wp-json\/wp\/v2\/product\/976"}],"collection":[{"href":"http:\/\/mcd.mco.lv\/ru\/wp-json\/wp\/v2\/product"}],"about":[{"href":"http:\/\/mcd.mco.lv\/ru\/wp-json\/wp\/v2\/types\/product"}],"wp:featuredmedia":[{"embeddable":true,"href":"http:\/\/mcd.mco.lv\/ru\/wp-json\/wp\/v2\/media\/977"}],"wp:attachment":[{"href":"http:\/\/mcd.mco.lv\/ru\/wp-json\/wp\/v2\/media?parent=976"}],"curies":[{"name":"wp","href":"https:\/\/api.w.org\/{rel}","templated":true}]}}