{"id":987,"date":"2018-11-24T12:03:37","date_gmt":"2018-11-24T12:03:37","guid":{"rendered":"http:\/\/mcd.mco.lv\/?post_type=product&#038;p=987"},"modified":"2018-11-24T14:07:18","modified_gmt":"2018-11-24T14:07:18","slug":"mcr-tecbor-magnezija-plaksnes-sistema-mgo","status":"publish","type":"product","link":"http:\/\/mcd.mco.lv\/ru\/produkcija\/mcr-tecbor-magnezija-plaksnes-sistema-mgo\/","title":{"rendered":"MCR TECBOR \u2013 MAGN\u0112ZIJA PL\u0100KSNES SIST\u0112MA (MGO)"},"content":{"rendered":"<p><\/p>\n<p><strong>MCR TECBOR pielieto:<\/strong><\/p>\n<ul>\n<li>t\u0113rauda konstrukcij\u0101s<\/li>\n<li>dzelzsbetona konstrukciju celtniec\u012bba<\/li>\n<li>kabe\u013cu mar&scaron;rutu ier\u012bko&scaron;an\u0101<\/li>\n<li>ventil\u0101cijas un d\u016bmu izvad\u012b&scaron;anas kan\u0101lu uzb\u016bve<\/li>\n<li>neso&scaron;\u0101s starpsienu konstrukcij\u0101s<\/li>\n<li>m\u016bra sienu celtniec\u012bb\u0101<\/li>\n<li>piekaramo griestu b\u016bvniec\u012bb\u0101<\/li>\n<li>aizkaru sienu b\u016bvniec\u012bb\u0101<\/li>\n<li>sakaru tune\u013cu b\u016bvniec\u012bbas aizsardz\u012bb\u0101<\/li>\n<\/ul>\n<p><strong>Stipr\u0101s puses:<\/strong><\/p>\n<ul>\n<li>augsta ugunsdro&scaron;\u012bba, neuzliesmojam\u012bba<\/li>\n<li>laba siltumizol\u0101cija<\/li>\n<li>\u0101tra un vienk\u0101r&scaron;a mont\u0101\u017ea<\/li>\n<li>meh\u0101nisk\u0101 iztur\u012bba<\/li>\n<li>nav vesel\u012bbai kait\u012bgu vielu<\/li>\n<li>iztur\u012bba pret s\u0113n\u012bt\u0113m, kukai\u0146iem un grauz\u0113jiem<\/li>\n<\/ul>\n<p><\/p>","protected":false},"excerpt":{"rendered":"<p>Mcr Tecbor pl\u0101ksnes ir m\u016bsdien\u012bgs celtniec\u012bbas materi\u0101ls, kas paredz\u0113ts ugunsdro\u0161o elementu ap\u0161uvumu izgatavo\u0161anai un neatkar\u012bgas deklar\u0113t\u0101s ugunsiztur\u012bbas klases elementu veido\u0161anai.<\/p>\n","protected":false},"featured_media":989,"template":"","meta":[],"_links":{"self":[{"href":"http:\/\/mcd.mco.lv\/ru\/wp-json\/wp\/v2\/product\/987"}],"collection":[{"href":"http:\/\/mcd.mco.lv\/ru\/wp-json\/wp\/v2\/product"}],"about":[{"href":"http:\/\/mcd.mco.lv\/ru\/wp-json\/wp\/v2\/types\/product"}],"wp:featuredmedia":[{"embeddable":true,"href":"http:\/\/mcd.mco.lv\/ru\/wp-json\/wp\/v2\/media\/989"}],"wp:attachment":[{"href":"http:\/\/mcd.mco.lv\/ru\/wp-json\/wp\/v2\/media?parent=987"}],"curies":[{"name":"wp","href":"https:\/\/api.w.org\/{rel}","templated":true}]}}