{"id":993,"date":"2018-11-24T12:17:52","date_gmt":"2018-11-24T12:17:52","guid":{"rendered":"http:\/\/mcd.mco.lv\/?post_type=product&#038;p=993"},"modified":"2020-07-07T08:31:47","modified_gmt":"2020-07-07T08:31:47","slug":"mcr-fid-dzivojamo-eku-ventilacijas-sistema","status":"publish","type":"product","link":"http:\/\/mcd.mco.lv\/ru\/produkcija\/mcr-fid-dzivojamo-eku-ventilacijas-sistema\/","title":{"rendered":"MCR FID DZ\u012aVOJAMO \u0112KU VENTIL\u0100CIJAS SIST\u0112MA"},"content":{"rendered":"<p><strong>Ugunsiztur\u012bbas klase:<\/strong> EI120<\/p>\n<p><strong>Stipr\u0101 puse:<\/strong><\/p>\n<ul>\n<li>samazin\u0101ta hidraulisk\u0101 pretest\u012bba<\/li>\n<li>barjera atlokam stiprin\u0101ta ar r\u0101mi &#8212; palielin\u0101ta meh\u0101nisk\u0101 iztur\u012bba<\/li>\n<li>mont\u0101\u017ea sien\u0101s un griestos<\/li>\n<li>Iesp\u0113jams izgatavot EX versij\u0101<\/li>\n<li>ekspluat\u0101cijas iztur\u012bba vismaz l\u012bdz 10 000 cikliem<\/li>\n<li>ir PZH higi\u0113nas sertifik\u0101ts<\/li>\n<\/ul>\n<p><\/p>","protected":false},"excerpt":{"rendered":"<style>\n .price-btn {\n  outline: none;\n  text-decoration: none;\n  display: inline-block;\n  margin-right: 0.625%;\n  padding-left: 10px;\n  padding-right: 10px;\n  text-align: center;\n  line-height: 3;\n  color: black;\n }\n .price-btn:link, .price-btn:visited, .price-btn:focus {\n  background: #3fa84d;\n  color: white;\n }\n .price-btn:hover {\n  background: #4e9e59;\n }\n .price-btn:active {\n  background: #4b9454;\n  color: white;\n }\n<\/style>\n<p>Tie ir paredz\u0113ti uzst\u0101d\u012b\u0161anai visp\u0101r\u0113j\u0101s ventil\u0101cijas iek\u0101rt\u0101s. EX versij\u0101 ir iesp\u0113jams ievietot aizb\u012bdni.<\/p>\n<p><a class=\"price-btn\" href=\"http:\/\/mcd.mco.lv\/wp-content\/uploads\/woocommerce_uploads\/2018\/11\/Mercor_FID_C_Fire_damper_price_list_2020_NIC_Ozols.pdf\" target=\"_blank\" rel=\"noopener\">Mercor FID C Fire damper \u2013\u00a0\u041f\u0440\u0435\u0439\u0441\u043a\u0443\u0440\u0430\u043d\u0442<\/a><\/p>\n","protected":false},"featured_media":994,"template":"","meta":[],"_links":{"self":[{"href":"http:\/\/mcd.mco.lv\/ru\/wp-json\/wp\/v2\/product\/993"}],"collection":[{"href":"http:\/\/mcd.mco.lv\/ru\/wp-json\/wp\/v2\/product"}],"about":[{"href":"http:\/\/mcd.mco.lv\/ru\/wp-json\/wp\/v2\/types\/product"}],"wp:featuredmedia":[{"embeddable":true,"href":"http:\/\/mcd.mco.lv\/ru\/wp-json\/wp\/v2\/media\/994"}],"wp:attachment":[{"href":"http:\/\/mcd.mco.lv\/ru\/wp-json\/wp\/v2\/media?parent=993"}],"curies":[{"name":"wp","href":"https:\/\/api.w.org\/{rel}","templated":true}]}}