{"id":996,"date":"2018-11-24T12:23:55","date_gmt":"2018-11-24T12:23:55","guid":{"rendered":"http:\/\/mcd.mco.lv\/?post_type=product&#038;p=996"},"modified":"2018-11-24T12:27:53","modified_gmt":"2018-11-24T12:27:53","slug":"mcr-monsun-axial-vienvirziena-un-atpakalgaitas-dumu-ventilators","status":"publish","type":"product","link":"http:\/\/mcd.mco.lv\/ru\/produkcija\/mcr-monsun-axial-vienvirziena-un-atpakalgaitas-dumu-ventilators\/","title":{"rendered":"MCR MONSUN &#8212; AXIAL VIENVIRZIENA UN ATPAKA\u013bGAITAS D\u016aMU VENTILATORS"},"content":{"rendered":"<p><\/p>\n<p>Ugunsiztur\u012bbas klases:<\/p>\n<ul>\n<li>klase F200 &#8212; ugunsiztur\u012bba 200 &deg; C \/ 120 min.<\/li>\n<li>F300 klase &#8212; ugunsiztur\u012bba 300 &deg; C \/ 60 min.<\/li>\n<li>F400 klase &#8212; ugunsiztur\u012bba 400 &deg; C \/ 120 min.<\/li>\n<\/ul>\n<p>Stipr\u0101 puse:<\/p>\n<ul>\n<li>iesp\u0113jams mont\u0113t gan vertik\u0101li, gan horizont\u0101li<\/li>\n<li>iesp\u0113ja iestat\u012bt rotora asme\u0146us ik p\u0113c 1 &deg;, t\u0101d\u0113j\u0101di nodro&scaron;inot pie\u0146emto darba punktu<\/li>\n<li>visaptvero&scaron;i, sertific\u0113ti piederumi<\/li>\n<li>piem\u0113rots darbam d\u016bmu tvertn\u0113 un \u0101rpus d\u016bmu tvertnes<\/li>\n<\/ul>\n<p><\/p>","protected":false},"excerpt":{"rendered":"<p>Ventil\u0101tori tiek izmantoti ugunsdro\u0161\u012bbas ventil\u0101cijas sist\u0113m\u0101s d\u016bmu izvad\u012b\u0161anai vai aer\u0101cijai, tos ar\u012b var izmantot ventil\u0101cijas sist\u0113m\u0101s, k\u0101 pieg\u0101des vai izvades ventilatorus.<\/p>\n","protected":false},"featured_media":997,"template":"","meta":[],"_links":{"self":[{"href":"http:\/\/mcd.mco.lv\/ru\/wp-json\/wp\/v2\/product\/996"}],"collection":[{"href":"http:\/\/mcd.mco.lv\/ru\/wp-json\/wp\/v2\/product"}],"about":[{"href":"http:\/\/mcd.mco.lv\/ru\/wp-json\/wp\/v2\/types\/product"}],"wp:featuredmedia":[{"embeddable":true,"href":"http:\/\/mcd.mco.lv\/ru\/wp-json\/wp\/v2\/media\/997"}],"wp:attachment":[{"href":"http:\/\/mcd.mco.lv\/ru\/wp-json\/wp\/v2\/media?parent=996"}],"curies":[{"name":"wp","href":"https:\/\/api.w.org\/{rel}","templated":true}]}}